{"id":924,"date":"2015-05-11T01:31:23","date_gmt":"2015-05-10T23:31:23","guid":{"rendered":"http:\/\/asszert.de\/?page_id=64"},"modified":"2023-04-15T15:09:27","modified_gmt":"2023-04-15T13:09:27","slug":"verfahren-nach-ddg-modellen-2","status":"publish","type":"page","link":"https:\/\/asszert.de\/?page_id=924","title":{"rendered":"Zertifizierung nach Global Wind Organisation (GWO)"},"content":{"rendered":"<section id=\"builder-section-1431300596620\" class=\"builder-section-first builder-section builder-section-text builder-section-next-text builder-text-columns-1\" style=\"background-repeat: repeat;background-position: center center;\">\n<div class=\"builder-section-content\">\n<div class=\"builder-text-row\">\n<div class=\"builder-text-column builder-text-column-1\" id=\"builder-section-1431300596620-column-1\">\n<div class=\"builder-text-content\">\n<hr class=\"ttfmake-hr\" style=\"border-style: dotted; border-top-width: 2px;\" \/>\n<p style=\"text-align: justify;\"><div class=\"printfriendly pf-button  pf-alignright\"><a href=\"https:\/\/asszert.de\/?page_id=924&amp;pfstyle=wp\" rel=\"nofollow\"  title=\"Printer Friendly, PDF & Email\"><img decoding=\"async\" class=\"pf-button-img\" src=\"https:\/\/cdn.printfriendly.com\/buttons\/print-button-gray.png\" alt=\"Print Friendly, PDF & Email\" style=\"width: 66px;height: 24px;\"  \/><\/a><\/div><span style=\"color: #808080;\"><a style=\"color: #808080;\" href=\"http:\/\/asszert.de\/?page_id=49\">T\u00e4tigkeitsfelder<\/a>\u00a0&gt; <a href=\"http:\/\/asszert.de\/?page_id=924\"><b>Zertifizierung nach Global Wind Organisation (GWO)<\/b><\/a><\/span><\/p>\n<hr class=\"ttfmake-hr\" style=\"border-style: dotted; border-top-width: 2px;\" \/>\n<p><span style=\"color: #808080;\"><a style=\"color: #808080;\" href=\"http:\/\/asszert.de\/?page_id=51\">QMS<\/a>\u00a0\u00a0I \u00a0<a style=\"color: #808080;\" href=\"http:\/\/asszert.de\/?page_id=54\">UMS<\/a>\u00a0\u00a0I \u00a0<a style=\"color: #808080;\" href=\"http:\/\/asszert.de\/?page_id=56\">SGAMS<\/a>\u00a0\u00a0I \u00a0<a style=\"color: #808080;\" href=\"http:\/\/asszert.de\/?page_id=58\">EnMS<\/a>\u00a0\u00a0I \u00a0<a style=\"color: #808080;\" href=\"http:\/\/asszert.de\/?page_id=60\">SpaEfV\u00a0<strong>\/ EDL-G \u00a0<\/strong><\/a>I \u00a0<a style=\"color: #808080;\" href=\"http:\/\/asszert.de\/?page_id=62\">KTA 1401<\/a><\/span><span style=\"color: #808080;\">\u00a0 I \u00a0<\/span><a href=\"http:\/\/asszert.de\/?page_id=924\"><strong>GWO<\/strong><\/a>\u00a0<\/p>\n<\/p><\/div>\n<\/p><\/div>\n<\/p><\/div>\n<\/p><\/div>\n<\/section>\n<section id=\"builder-section-1431300647228\" class=\"builder-section-prev-text builder-section builder-section-text builder-section-last builder-text-columns-1\" style=\"background-repeat: repeat;background-position: center center;\">\n<div class=\"builder-section-content\">\n<div class=\"builder-text-row\">\n<div class=\"builder-text-column builder-text-column-1\" id=\"builder-section-1431300647228-column-1\">\n<div class=\"builder-text-content\">\n<div align=\"justify\">\n<p><strong>Die Global Wind Organisation (GWO) ist eine Non-Profit-Organisation der f\u00fchrenden Windenergieanlagenhersteller. Sie koordiniert die Erstellung einheitlicher, branchenweiter Normen f\u00fcr die Ausbildung von Windenergieanlagentechnikern. Der Fokus liegt hierbei auf Arbeitssicherheit und einer m\u00f6glichst praxisnahen Ausbildung.<\/strong><\/p>\n<p>In Trainingsorganisationen werden die Vorgaben dieser Standards in umfangreichen Schulungsmodulen in Grundkursen und Refreshern praxisnah unter realen Bedingungen vermittelt und ge\u00fcbt.<\/p>\n<p>Die \u00dcbungen simulieren Situationen unter realit\u00e4tsnahen Bedingungen, um die Teilnehmer optimal auf operative T\u00e4tigkeiten in Windenergieanlagen vorzubereiten.<\/p>\n<p><strong>Die AssZert ist bei der GWO zugelassen, um Schulungseinrichtungen f\u00fcr Windenergieanlagentechniker zu zertifizieren.<\/strong><\/p>\n<p>W\u00e4hrend der Zertifizierung wird Ihre Trainingsorganisation selbst, sowie die von Ihnen gew\u00e4hlten Trainingsmodule zertifiziert.<\/p>\n<p>Die AssZert darf ALLE Standards und Trainingsmodule der GWO zertifizieren.<\/p>\n<p>Diese sind derzeit:<\/p>\n<p><strong>GWO Basic Safety Training bzw. GWO Basic Safety Training Refresher<\/strong><\/p>\n<ul>\n<li>First Aid<\/li>\n<li>Manual Handling<\/li>\n<li>Fire Awareness<\/li>\n<li>Working at Heights<\/li>\n<li>Sea Survival<\/li>\n<\/ul>\n<p><strong>GWO Basic Technical Training<\/strong><\/p>\n<ul style=\"font-weight: 400;\">\n<li>Mechanical<\/li>\n<li>Electrical<\/li>\n<li>Hydraulics<\/li>\n<li>Installation<\/li>\n<\/ul>\n<p><strong>GWO Advanced Rescue Training bzw. GWO Advanced Rescue Training Refresher<\/strong>\u00a0\u00a0\u00a0\u00a0\u00a0\u00a0\u00a0\u00a0\u00a0\u00a0<\/p>\n<ul>\n<li>Nacelle, Tower &amp; Basement Rescue<\/li>\n<li>Hub, Spinner &amp; Inside Blade Recue<\/li>\n<li>Single Rescuer &#8211; Hub, Spinner &amp; Inside Blade<\/li>\n<li>Single Rescuer &#8211; Nacelle, Tower, Basement<\/li>\n<\/ul>\n<p><strong>GWO Enhanced First Aid bzw. GWO Enhanced First Aid Refresher\u00a0\u00a0 <\/strong><\/p>\n<p><strong>GWO Blade Repair Standard\u00a0\u00a0\u00a0\u00a0\u00a0\u00a0\u00a0\u00a0 <\/strong><\/p>\n<p><strong>GWO Slinger Signaller\/Rigger Signal Person<\/strong><\/p>\n<p style=\"font-weight: 400;\"><strong>GWO Lift Training<\/strong><\/p>\n<ul>\n<li style=\"font-weight: 400;\">Lift User<\/li>\n<li style=\"font-weight: 400;\">Lift Commission and Inspection<\/li>\n<li style=\"font-weight: 400;\">Lift Commission and inspection, Installation and Maintenance<\/li>\n<\/ul>\n<p style=\"font-weight: 400;\"><strong>GWO COHE Training<\/strong><\/p>\n<ul>\n<li style=\"font-weight: 400;\">Basic Safety COHE<\/li>\n<li style=\"font-weight: 400;\">Electric Safety for Qualified Person<\/li>\n<li style=\"font-weight: 400;\">Pressure Fluid Safety<\/li>\n<\/ul>\n<hr class=\"ttfmake-hr\" style=\"border-style: solid; border-top-width: 1px;\" \/>\n<p><strong>Ablauf der Zertifizierung<\/strong><\/p>\n<p>Als Trainingsanbieter m\u00fcssen Sie sich entscheiden oder haben sich bereits entschieden, welche Module Sie auf dem Markt anbieten oder anbieten wollen.<\/p>\n<p>Dann m\u00fcssen Sie sich mit den jeweiligen Standards erst einmal intensiv besch\u00e4ftigen. In den jeweiligen Modulen ist genau beschrieben, was sie an Ausr\u00fcstung vorhalten m\u00fcssen, wie Ihre Schulungen aussehen m\u00fcssen, usw. .<\/p>\n<p>Alle Standards finden Sie zum Download unter:<\/p>\n<p><a href=\"https:\/\/www.globalwindsafety.org\/trainingstandards\/trainingstandards\" target=\"_blank\" rel=\"noopener\">https:\/\/www.globalwindsafety.org\/trainingstandards\/trainingstandards<\/a><\/p>\n<p>Zus\u00e4tzlich m\u00fcssen Sie den Standard f\u00fcr Trainingsanbieter erf\u00fcllen, den finden Sie hier:<\/p>\n<p><a href=\"https:\/\/www.globalwindsafety.org\/certificationbodies\/certification-body-criteria\" target=\"_blank\" rel=\"noopener\">https:\/\/www.globalwindsafety.org\/certificationbodies\/certification-body-criteria<\/a><\/p>\n<p>Hier ist z.B. auf die Datensicherheit zu achten, wenn Sie schon nach ISO 9001 zertifiziert sind, dann haben Sie wahrscheinlich die meisten Prozesse, die Sie ben\u00f6tigen, aber es gibt ein paar Besonderheiten, etwa die Verwendung von WINDA, der Datenbank der GWO.<\/p>\n<p>Wenn Sie hierf\u00fcr Unterst\u00fctzung brauchen, oder sich unsicher sind, dann w\u00fcrden wir Ihnen ein Pre-Audit empfehlen. Hierbei werden Ihre Prozesse und Trainingsunterlagen gepr\u00fcft, ohne dass es sich bereits um ein offizielles Audit handelt.<\/p>\n<p>Sprechen Sie uns im Zweifel einfach darauf an.<\/p>\n<p>Die GWO hat sehr genau den zeitlichen Umfang der Pr\u00fcfung in den Kriterien f\u00fcr die Zertifizierer festgelegt und die AssZert richtet sich danach:<\/p>\n<p><a href=\"https:\/\/www.globalwindsafety.org\/certificationbodies\/certification-body-criteria\" target=\"_blank\" rel=\"noopener\">https:\/\/www.globalwindsafety.org\/certificationbodies\/certification-body-criteria<\/a>.<\/p>\n<hr class=\"ttfmake-hr\" style=\"border-style: solid; border-top-width: 1px;\" \/>\n<p style=\"text-align: center;\"><strong>Stufe 1 &#8211; Audit<\/strong><\/p>\n<p>Wenn Sie ein neues Zertifikat ben\u00f6tigen, dann findet zun\u00e4chst ein Stage 1 Audit statt, der Umfang betr\u00e4gt 1 Tag f\u00fcr das QMS (Qualit\u00e4tsmanagementsystem) und zwei Stunden pro Modul. Wollen Sie z.B. 4 Module aus BST, w\u00fcrde man hierf\u00fcr 8 Stunden ansetzen. Stage 1 ist dazu da, die Konzeption der Trainings, die Schulungsunterlagen, die Ausbildung der Trainer, usw. zu \u00fcberpr\u00fcfen. Dabei sind von ihnen noch keine tats\u00e4chlichen Schulungen durchzuf\u00fchren bzw. zu demonstrieren. Das Audit findet \u00fcberwiegend am Schreibtisch statt, Sie \u00fcbermitteln Unterlagen, die wir pr\u00fcfen und wir besprechen diese gemeinsam und Sie erhalten einen Bericht mit dem Ergebnis des Audits und der Aussage, inwieweit Sie auf Stage 2 vorbereitet sind, bzw. welche Bereiche noch nachgebessert werden sollten.<\/p>\n<p style=\"text-align: center;\"><span class=\"ttfmake-icon mceNonEditable fas\">\uf107<\/span><\/p>\n<hr class=\"ttfmake-hr\" style=\"border-style: solid; border-top-width: 1px;\" \/>\n<p style=\"text-align: center;\"><strong>Stufe 2 &#8211; Audit \/ Zertifizierungsaudit<\/strong><\/p>\n<p style=\"text-align: left;\">F\u00fcr das Stage 2 Audit werden erneut 1 Tag QMS\u00a0 angesetzt und dann drei Stunden pro Modul, wobei es sich hier um ein Audit vor Ort handelt. F\u00fcr jedes Modul werden mindestens eine Stunde Theorieunterricht und zwei Stunden praktisches Training angesehen\/beurteilt.<\/p>\n<p>Optimalerweise nimmt der Auditor an einem von Ihnen durchgef\u00fchrten Training teil, dass sowieso bei Ihnen stattfindet. Wenn Sie noch nicht unterrichten, dann sollten Sie den Ablauf der Trainings an Mitarbeitern von Ihnen oder anderen Freiwilligen demonstrieren (dabei \u00fcberwacht der Auditor nur, er nimmt nicht selbst teil).<\/p>\n<p>Die Auswahl der jeweiligen Trainings im Modul ist eine Stichprobe, die einen guten \u00dcberblick \u00fcber die gesamten Trainings je Modul gibt.<\/p>\n<p>Im Anschluss wird ein Bericht erstellt. Sollten Abweichungen festgestellt worden sein, dann erhalten Sie eine angemessene Frist, um diese zu beseitigen. Wenn keine Abweichungen mehr bestehen, oder wenn diese sehr untergeordnet sind, dann erhalten Sie das Zertifikat, und die GWO wird von uns informiert. Nach der Ver\u00f6ffentlichung durch die GWO k\u00f6nnen Sie dann nach GWO Standard Ausbildungen anbieten.<\/p>\n<p>Das AssZert-Zertifikat ist gem. den GWO-Standards f\u00fcr zwei Jahre g\u00fcltig.<\/p>\n<hr class=\"ttfmake-hr\" style=\"border-style: solid; border-top-width: 1px;\" \/>\n<p>Das Vorgehen ist auch auf<\/p>\n<p><a href=\"https:\/\/www.globalwindsafety.org\/trainingproviders\/trainingproviders\" target=\"_blank\" rel=\"noopener\">https:\/\/www.globalwindsafety.org\/trainingproviders\/trainingproviders<\/a><\/p>\n<p>einzusehen.<\/p>\n<\/div><\/div>\n<\/p><\/div>\n<\/p><\/div>\n<\/p><\/div>\n<\/section>\n","protected":false},"excerpt":{"rendered":"<p>T\u00e4tigkeitsfelder\u00a0&gt; Zertifizierung nach Global Wind Organisation (GWO) QMS\u00a0\u00a0I \u00a0UMS\u00a0\u00a0I \u00a0SGAMS\u00a0\u00a0I \u00a0EnMS\u00a0\u00a0I \u00a0SpaEfV\u00a0\/ EDL-G \u00a0I \u00a0KTA 1401\u00a0 I \u00a0GWO\u00a0 Die Global Wind Organisation (GWO) ist eine Non-Profit-Organisation der f\u00fchrenden Windenergieanlagenhersteller. Sie koordiniert die Erstellung einheitlicher, branchenweiter Normen f\u00fcr die Ausbildung von Windenergieanlagentechnikern. Der Fokus liegt hierbei auf Arbeitssicherheit und einer m\u00f6glichst praxisnahen Ausbildung. In Trainingsorganisationen werden &hellip;<\/p>\n","protected":false},"author":1,"featured_media":0,"parent":49,"menu_order":0,"comment_status":"closed","ping_status":"closed","template":"template-builder.php","meta":{"footnotes":""},"class_list":["post-924","page","type-page","status-publish","hentry"],"_links":{"self":[{"href":"https:\/\/asszert.de\/index.php?rest_route=\/wp\/v2\/pages\/924"}],"collection":[{"href":"https:\/\/asszert.de\/index.php?rest_route=\/wp\/v2\/pages"}],"about":[{"href":"https:\/\/asszert.de\/index.php?rest_route=\/wp\/v2\/types\/page"}],"author":[{"embeddable":true,"href":"https:\/\/asszert.de\/index.php?rest_route=\/wp\/v2\/users\/1"}],"replies":[{"embeddable":true,"href":"https:\/\/asszert.de\/index.php?rest_route=%2Fwp%2Fv2%2Fcomments&post=924"}],"version-history":[{"count":12,"href":"https:\/\/asszert.de\/index.php?rest_route=\/wp\/v2\/pages\/924\/revisions"}],"predecessor-version":[{"id":1086,"href":"https:\/\/asszert.de\/index.php?rest_route=\/wp\/v2\/pages\/924\/revisions\/1086"}],"up":[{"embeddable":true,"href":"https:\/\/asszert.de\/index.php?rest_route=\/wp\/v2\/pages\/49"}],"wp:attachment":[{"href":"https:\/\/asszert.de\/index.php?rest_route=%2Fwp%2Fv2%2Fmedia&parent=924"}],"curies":[{"name":"wp","href":"https:\/\/api.w.org\/{rel}","templated":true}]}}