{"id":81,"date":"2015-05-11T02:38:54","date_gmt":"2015-05-11T00:38:54","guid":{"rendered":"http:\/\/asszert.de\/?page_id=81"},"modified":"2023-04-13T22:57:58","modified_gmt":"2023-04-13T20:57:58","slug":"einspruechebeschwerden","status":"publish","type":"page","link":"https:\/\/asszert.de\/?page_id=81","title":{"rendered":"Einspr\u00fcche\/Beschwerden"},"content":{"rendered":"<section id=\"builder-section-1431304644692\" class=\"builder-section-first builder-section builder-section-text builder-section-next-text builder-text-columns-1\" style=\"background-repeat: repeat;background-position: center center;\">\n<div class=\"builder-section-content\">\n<div class=\"builder-text-row\">\n<div class=\"builder-text-column builder-text-column-1\" id=\"builder-section-1431304644692-column-1\">\n<div class=\"builder-text-content\">\n<hr class=\"ttfmake-hr\" style=\"border-style: dotted; border-top-width: 2px;\" \/>\n<p><div class=\"printfriendly pf-button  pf-alignright\"><a href=\"https:\/\/asszert.de\/?page_id=81&amp;pfstyle=wp\" rel=\"nofollow\"  title=\"Printer Friendly, PDF & Email\"><img decoding=\"async\" class=\"pf-button-img\" src=\"https:\/\/cdn.printfriendly.com\/buttons\/print-button-gray.png\" alt=\"Print Friendly, PDF & Email\" style=\"width: 66px;height: 24px;\"  \/><\/a><\/div><span style=\"color: #999999;\"><a style=\"color: #999999;\" href=\"http:\/\/asszert.de\/?page_id=71\">Kontakt &amp; Hinweise<\/a><\/span>\u00a0&gt;\u00a0<a href=\"http:\/\/asszert.de\/?page_id=81\">Einspr\u00fcche\/Beschwerden<\/a><\/p>\n<hr class=\"ttfmake-hr\" style=\"border-style: dotted; border-top-width: 2px;\" \/>\n<p style=\"text-align: center;\"><cite>&#8222;Ich bin dankbar f\u00fcr sch\u00e4rfste Kritik, wenn sie nur sachlich bleibt.&#8220;<\/cite>\u00a0&#8211;\u00a0Otto von Bismarck<\/p>\n<\/p><\/div>\n<\/p><\/div>\n<\/p><\/div>\n<\/p><\/div>\n<\/section>\n<section id=\"builder-section-1431304676647\" class=\"builder-section-prev-text builder-section builder-section-text builder-section-last has-background builder-text-columns-2 layout-6\" style=\"background-color:#d8d8d8;background-repeat: repeat;background-position: center center;\">\n<div class=\"builder-section-content\">\n<div class=\"builder-text-row\">\n<div class=\"builder-text-column builder-text-column-1\" id=\"builder-section-1431304676647-column-1\">\n<div class=\"builder-text-content\">\n<p style=\"text-align: justify;\"><span style=\"font-family: Helvetica, Geneva, Arial, SunSans-Regular, sans-serif;\">Das Regelwerk zu den Verfahren der Konformit\u00e4tsbewertung (DIN EN ISO\/IEC 17021-1 \u2013 Anforderungen an Stellen, die Managementsysteme auditieren und zertifizieren) fordert, dass Verfahren f\u00fcr Einspr\u00fcche und Beschwerden eingerichtet sein m\u00fcssen. AssZert verf\u00fcgt \u00fcber dokumentierte Verfahren, um Einspr\u00fcche entgegen zu nehmen, zu beurteilen sowie Entscheidungen dar\u00fcber zu treffen und um Beschwerden entgegen zu nehmen. Diese Verfahren entsprechen den Anforderungen der DIN EN ISO\/IEC 17021-1.<\/span><\/p>\n<p><span style=\"font-family: Helvetica, Geneva, Arial, SunSans-Regular, sans-serif;\">Sie k\u00f6nnen die Beschreibung bei Bedarf von AssZert anfordern (<a href=\"mailto:asszert@asszert.de\">asszert@asszert.de<\/a>).<\/span><\/p>\n<p><span style=\"font-family: Helvetica, Geneva, Arial, SunSans-Regular, sans-serif;\">Benachteiligungen entstehen Ihnen durch die Anforderung sowie durch die Abgabe von Einspr\u00fcchen oder Beschwerden nicht! Dies stellen wir unter anderem dadurch sicher, dass die Verfahren von objektiven und unabh\u00e4ngigen Personen schnellstm\u00f6glich durchgef\u00fchrt und die Ergebnisse schriftlich mitgeteilt werden.<\/span><\/p>\n<p><span style=\"font-family: Helvetica, Geneva, Arial, SunSans-Regular, sans-serif;\">Wir wollen Einspr\u00fcche und Beschwerden nutzen, um unser Managementsystem nachhaltig zu verbessern sowie die Glaubw\u00fcrdigkeit in unsere Leistungen und die des Zertifizierungssystems zu st\u00e4rken. Insofern ist uns an den Informationen sehr gelegen!<\/span><\/p>\n<p><span style=\"font-family: Arial, Helvetica, Geneva, Swiss, SunSans-Regular;\">Sie haben auf der rechten Seite\u00a0die M\u00f6glichkeit uns Ihre Einspr\u00fcche oder Beschwerden mitzuteilen. Ihre Angaben<\/span><span style=\"font-family: Arial, Helvetica, Geneva, Swiss, SunSans-Regular;\">\u00a0werden<\/span><span style=\"font-family: Helvetica, Geneva, Arial, SunSans-Regular, sans-serif;\">\u00a0Ihnen zun\u00e4chst best\u00e4tigt und umgehend bearbeitet.\u00a0<\/span><span style=\"font-family: Helvetica, Geneva, Arial, SunSans-Regular, sans-serif;\">Unsere Antwort wird Ihnen unverz\u00fcglich mitgeteilt.<\/span><\/p>\n<p><span style=\"font-family: Helvetica, Geneva, Arial, SunSans-Regular, sans-serif;\">Kreuzen Sie bitte zutreffendes an und vermerken Sie weitere Informationen in der Liste<\/span><span style=\"font-family: Arial, Helvetica, Geneva, Swiss, SunSans-Regular;\">.<br \/><\/span><br \/><span style=\"font-family: Helvetica, Geneva, Arial, SunSans-Regular, sans-serif;\">Wir sichern Ihnen eine vertrauliche und schnelle Bearbeitung zu und danken Ihnen f\u00fcr Ihre Mithilfe.<\/span><\/p>\n<\/p><\/div>\n<\/p><\/div>\n<div class=\"builder-text-column builder-text-column-2\" id=\"builder-section-1431304676647-column-2\">\n<div class=\"builder-text-content\">\n<noscript class=\"ninja-forms-noscript-message\">\n\tHinweis: F\u00fcr diesen Inhalt ist JavaScript erforderlich.<\/noscript>\n<div id=\"nf-form-13-cont\" class=\"nf-form-cont\" aria-live=\"polite\" aria-labelledby=\"nf-form-title-13\" aria-describedby=\"nf-form-errors-13\" role=\"form\">\n\n    <div class=\"nf-loading-spinner\"><\/div>\n\n<\/div>\n        <!-- TODO: Move to Template File. -->\n        <script>var formDisplay=1;var nfForms=nfForms||[];var form=[];form.id='13';form.settings={\"last_sub\":\"1\",\"date_updated\":\"2015-05-09 14:05:32\",\"clear_complete\":\"1\",\"hide_complete\":\"1\",\"show_title\":\"0\",\"status\":\"\",\"title\":\"Einspr\\u00fcche \\\/ Beschwerden\",\"_seq_num\":2,\"ninjaForms\":\"Ninja Forms\",\"changeEmailErrorMsg\":\"Bitte gib eine g\\u00fcltige E-Mail-Adresse ein.\",\"changeDateErrorMsg\":\"Bitte gib ein g\\u00fcltiges Datum ein!\",\"confirmFieldErrorMsg\":\"Diese Felder m\\u00fcssen \\u00fcbereinstimmen!\",\"fieldNumberNumMinError\":\"Die eingegebene Zahl ist zu klein.\",\"fieldNumberNumMaxError\":\"Die eingegebene Zahl ist zu gross.\",\"fieldNumberIncrementBy\":\"Bitte erh\\u00f6hen in Schritten von\",\"fieldTextareaRTEInsertLink\":\"Link einf\\u00fcgen\",\"fieldTextareaRTEInsertMedia\":\"Medien einf\\u00fcgen\",\"fieldTextareaRTESelectAFile\":\"Eine Datei ausw\\u00e4hlen\",\"formErrorsCorrectErrors\":\"Bitte korrigiere die Fehler, bevor du das Formular sendest.\",\"formHoneypot\":\"Falls du ein Mensch bist und dieses Feld siehst, dann lasse es bitte leer.\",\"validateRequiredField\":\"Dies ist ein Pflichtfeld.\",\"honeypotHoneypotError\":\"Honeypot-Fehler\",\"fileUploadOldCodeFileUploadInProgress\":\"Datei-Upload l\\u00e4uft.\",\"fileUploadOldCodeFileUpload\":\"DATEI-UPLOAD\",\"currencySymbol\":\"$\",\"fieldsMarkedRequired\":\"Felder mit einem <span class=\\\"ninja-forms-req-symbol\\\">*<\\\/span> sind Pflichtfelder\",\"thousands_sep\":\".\",\"decimal_point\":\",\",\"siteLocale\":\"de_DE\",\"dateFormat\":\"d\\\/m\\\/Y\",\"startOfWeek\":\"1\",\"of\":\"von\",\"previousMonth\":\"Vorheriger Monat\",\"nextMonth\":\"N\\u00e4chster Monat\",\"months\":[\"Januar\",\"Februar\",\"M\\u00e4rz\",\"April\",\"Mai\",\"Juni\",\"Juli\",\"August\",\"September\",\"Oktober\",\"November\",\"Dezember\"],\"monthsShort\":[\"Jan\",\"Feb\",\"Mrz\",\"Apr\",\"Mai\",\"Jun\",\"Jul\",\"Aug\",\"Sep\",\"Okt\",\"Nov\",\"Dez\"],\"weekdays\":[\"Sonntag\",\"Montag\",\"Dienstag\",\"Mittwoch\",\"Donnerstag\",\"Freitag\",\"Samstag\"],\"weekdaysShort\":[\"So\",\"Mo\",\"Die\",\"Mi\",\"Do\",\"Fr\",\"Sa\"],\"weekdaysMin\":[\"So\",\"Mo\",\"Di\",\"Mi\",\"Do\",\"Fr\",\"Sa\"],\"recaptchaConsentMissing\":\"reCapctha validation couldn&#039;t load.\",\"recaptchaMissingCookie\":\"reCaptcha v3 validation couldn&#039;t load the cookie needed to submit the form.\",\"recaptchaConsentEvent\":\"Accept reCaptcha cookies before sending the form.\",\"embed_form\":\"\",\"currency_symbol\":\"\",\"beforeForm\":\"\",\"beforeFields\":\"\",\"afterFields\":\"\",\"afterForm\":\"\"};form.fields=[{\"id\":39,\"type\":\"listcheckbox\",\"order\":0,\"fav_id\":0,\"def_id\":0,\"label\":\"Einspruch bez\\u00fcglich:\",\"input_limit_msg\":\"character(s) left\",\"label_pos\":\"above\",\"list_type\":\"checkbox\",\"multi_size\":5,\"list_show_value\":0,\"list\":[],\"user_info_field_group\":\"\",\"calc_auto_include\":0,\"user_state\":0,\"num_sort\":0,\"admin_label\":\"\",\"show_help\":0,\"help_text\":\"\",\"show_desc\":0,\"desc_pos\":\"none\",\"desc_text\":\"\",\"element_class\":\"\",\"required\":0,\"options\":[{\"label\":\"Auswahl des Auditors\\\/der Auditorin, der\\\/die das Verfahren durchf\\u00fchrt.\",\"value\":\"Auswahl des Auditors\\\/der Auditorin, der\\\/die das Verfahren durchf\\u00fchrt.\",\"calc\":\"\",\"selected\":\"0\"},{\"label\":\"Ergebnisse aus dem Auditbericht.\",\"value\":\"Ergebnisse aus dem Auditbericht.\",\"calc\":\"\",\"selected\":\"0\"}],\"key\":\"listcheckbox_39\",\"parent_id\":13,\"beforeField\":\"\",\"afterField\":\"\",\"value\":\"\",\"parentType\":\"list\",\"element_templates\":[\"listcheckbox\",\"input\"],\"old_classname\":\"list-checkbox\",\"wrap_template\":\"wrap\"},{\"id\":40,\"type\":\"textbox\",\"order\":1,\"fav_id\":0,\"def_id\":0,\"label\":\"Sonstige Einspruchsgr\\u00fcnde\",\"input_limit_msg\":\"character(s) left\",\"label_pos\":\"hidden\",\"placeholder\":\"Sonstige Einspruchsgr\\u00fcnde\",\"first_name\":\"\",\"last_name\":\"\",\"user_address_1\":\"\",\"user_address_2\":\"\",\"user_city\":\"\",\"user_zip\":\"\",\"user_phone\":\"\",\"user_email\":\"\",\"user_info_field_group\":1,\"disable_input\":0,\"mask\":\"\",\"input_limit\":\"\",\"input_limit_type\":\"char\",\"calc_auto_include\":0,\"datepicker\":0,\"user_state\":0,\"autocomplete_off\":0,\"num_sort\":0,\"admin_label\":\"\",\"user_info_field_group_name\":\"\",\"user_info_field_group_custom\":\"\",\"show_help\":0,\"help_text\":\"\",\"show_desc\":0,\"desc_pos\":\"none\",\"desc_text\":\"\",\"element_class\":\"\",\"required\":0,\"key\":\"textbox_40\",\"parent_id\":13,\"beforeField\":\"\",\"afterField\":\"\",\"value\":\"\",\"parentType\":\"textbox\",\"element_templates\":[\"textbox\",\"input\"],\"old_classname\":\"\",\"wrap_template\":\"wrap\"},{\"id\":41,\"type\":\"listcheckbox\",\"order\":2,\"fav_id\":0,\"def_id\":0,\"label\":\"Beschwerde bez\\u00fcglich:\",\"input_limit_msg\":\"character(s) left\",\"label_pos\":\"above\",\"list_type\":\"checkbox\",\"multi_size\":5,\"list_show_value\":0,\"list\":[],\"user_info_field_group\":\"\",\"calc_auto_include\":0,\"user_state\":0,\"num_sort\":0,\"admin_label\":\"\",\"show_help\":0,\"help_text\":\"\",\"show_desc\":0,\"desc_pos\":\"none\",\"desc_text\":\"\",\"element_class\":\"\",\"required\":0,\"options\":[{\"label\":\"des Personals (Auditoren, Sekretariat \\u2026) der AssZert GmbH.\",\"value\":\"des Personals (Auditoren, Sekretariat \\u2026) der AssZert GmbH.\",\"calc\":\"\",\"selected\":\"0\"},{\"label\":\"der Arbeitsvorg\\u00e4nge (z. B. Auditdurchf\\u00fchrung, Anfragen, Auditberichte).\",\"value\":\"der Arbeitsvorg\\u00e4nge (z. B. Auditdurchf\\u00fchrung, Anfragen, Auditberichte).\",\"calc\":\"\",\"selected\":\"0\"},{\"label\":\"einer Ungleichbehandlung.\",\"value\":\"einer Ungleichbehandlung.\",\"calc\":\"\",\"selected\":\"0\"}],\"key\":\"listcheckbox_41\",\"parent_id\":13,\"beforeField\":\"\",\"afterField\":\"\",\"value\":\"\",\"parentType\":\"list\",\"element_templates\":[\"listcheckbox\",\"input\"],\"old_classname\":\"list-checkbox\",\"wrap_template\":\"wrap\"},{\"id\":42,\"type\":\"textbox\",\"order\":3,\"fav_id\":0,\"def_id\":0,\"label\":\"Sonstige Beschwerdegr\\u00fcnde\",\"input_limit_msg\":\"character(s) left\",\"label_pos\":\"hidden\",\"placeholder\":\"Sonstige Beschwerdegr\\u00fcnde\",\"first_name\":\"\",\"last_name\":\"\",\"user_address_1\":\"\",\"user_address_2\":\"\",\"user_city\":\"\",\"user_zip\":\"\",\"user_phone\":\"\",\"user_email\":\"\",\"user_info_field_group\":1,\"disable_input\":0,\"mask\":\"\",\"input_limit\":\"\",\"input_limit_type\":\"char\",\"calc_auto_include\":0,\"datepicker\":0,\"user_state\":0,\"autocomplete_off\":0,\"num_sort\":0,\"admin_label\":\"\",\"user_info_field_group_name\":\"\",\"user_info_field_group_custom\":\"\",\"show_help\":0,\"help_text\":\"\",\"show_desc\":0,\"desc_pos\":\"none\",\"desc_text\":\"\",\"element_class\":\"\",\"required\":0,\"key\":\"textbox_42\",\"parent_id\":13,\"beforeField\":\"\",\"afterField\":\"\",\"value\":\"\",\"parentType\":\"textbox\",\"element_templates\":[\"textbox\",\"input\"],\"old_classname\":\"\",\"wrap_template\":\"wrap\"},{\"id\":43,\"type\":\"textarea\",\"order\":4,\"fav_id\":0,\"def_id\":0,\"label\":\"Weitere Informationen zu Ihrer Beschwerde \\\/ Ihrem Einspruch oder Vorschl\\u00e4ge:\",\"input_limit_msg\":\"character(s) left\",\"label_pos\":\"above\",\"default_value\":\"\",\"textarea_rte\":0,\"textarea_media\":0,\"disable_rte_mobile\":0,\"input_limit\":1000,\"input_limit_type\":\"char\",\"calc_auto_include\":0,\"num_sort\":0,\"admin_label\":\"\",\"show_help\":0,\"help_text\":\"\",\"show_desc\":0,\"desc_pos\":\"none\",\"desc_text\":\"\",\"element_class\":\"\",\"required\":0,\"default\":\"\",\"key\":\"textarea_43\",\"parent_id\":13,\"beforeField\":\"\",\"afterField\":\"\",\"value\":\"\",\"parentType\":\"textarea\",\"element_templates\":[\"textarea\",\"input\"],\"old_classname\":\"\",\"wrap_template\":\"wrap\"},{\"id\":44,\"type\":\"email\",\"order\":5,\"fav_id\":0,\"def_id\":14,\"label\":\"Email (optional)\",\"label_pos\":\"above\",\"mask\":\"\",\"datepicker\":0,\"first_name\":0,\"last_name\":0,\"from_name\":0,\"user_address_1\":0,\"user_address_2\":0,\"user_city\":0,\"user_zip\":0,\"user_phone\":0,\"user_info_field_group\":1,\"show_help\":0,\"help_text\":\"\",\"calc_auto_include\":0,\"calc_option\":0,\"conditional\":\"\",\"placeholder\":\"\",\"disable_input\":0,\"input_limit\":\"\",\"input_limit_type\":\"char\",\"input_limit_msg\":\"\",\"user_state\":0,\"autocomplete_off\":0,\"num_sort\":0,\"admin_label\":\"\",\"user_info_field_group_name\":\"\",\"user_info_field_group_custom\":\"\",\"show_desc\":0,\"desc_pos\":\"none\",\"desc_text\":\"\",\"element_class\":\"\",\"required\":0,\"key\":\"email_44\",\"parent_id\":13,\"beforeField\":\"\",\"afterField\":\"\",\"value\":\"\",\"parentType\":\"email\",\"element_templates\":[\"email\",\"input\"],\"old_classname\":\"\",\"wrap_template\":\"wrap\"},{\"id\":45,\"type\":\"submit\",\"order\":6,\"fav_id\":0,\"def_id\":0,\"label\":\"Absenden\",\"input_limit_msg\":\"character(s) left\",\"show_help\":0,\"help_text\":\"\",\"show_desc\":0,\"desc_pos\":\"none\",\"desc_text\":\"\",\"processing_label\":\"Processing\",\"element_class\":\"\",\"key\":\"submit_45\",\"parent_id\":13,\"beforeField\":\"\",\"afterField\":\"\",\"value\":\"\",\"label_pos\":null,\"parentType\":\"textbox\",\"element_templates\":[\"submit\",\"button\",\"input\"],\"old_classname\":\"\",\"wrap_template\":\"wrap-no-label\"}];nfForms.push(form);<\/script>\n        \n<\/p><\/div>\n<\/p><\/div>\n<\/p><\/div>\n<\/p><\/div>\n<\/section>\n","protected":false},"excerpt":{"rendered":"<p>Kontakt &amp; Hinweise\u00a0&gt;\u00a0Einspr\u00fcche\/Beschwerden &#8222;Ich bin dankbar f\u00fcr sch\u00e4rfste Kritik, wenn sie nur sachlich bleibt.&#8220;\u00a0&#8211;\u00a0Otto von Bismarck Das Regelwerk zu den Verfahren der Konformit\u00e4tsbewertung (DIN EN ISO\/IEC 17021-1 \u2013 Anforderungen an Stellen, die Managementsysteme auditieren und zertifizieren) fordert, dass Verfahren f\u00fcr Einspr\u00fcche und Beschwerden eingerichtet sein m\u00fcssen. AssZert verf\u00fcgt \u00fcber dokumentierte Verfahren, um Einspr\u00fcche entgegen zu &hellip;<\/p>\n","protected":false},"author":1,"featured_media":0,"parent":243,"menu_order":0,"comment_status":"closed","ping_status":"closed","template":"template-builder.php","meta":{"footnotes":""},"class_list":["post-81","page","type-page","status-publish","hentry"],"_links":{"self":[{"href":"https:\/\/asszert.de\/index.php?rest_route=\/wp\/v2\/pages\/81"}],"collection":[{"href":"https:\/\/asszert.de\/index.php?rest_route=\/wp\/v2\/pages"}],"about":[{"href":"https:\/\/asszert.de\/index.php?rest_route=\/wp\/v2\/types\/page"}],"author":[{"embeddable":true,"href":"https:\/\/asszert.de\/index.php?rest_route=\/wp\/v2\/users\/1"}],"replies":[{"embeddable":true,"href":"https:\/\/asszert.de\/index.php?rest_route=%2Fwp%2Fv2%2Fcomments&post=81"}],"version-history":[{"count":6,"href":"https:\/\/asszert.de\/index.php?rest_route=\/wp\/v2\/pages\/81\/revisions"}],"predecessor-version":[{"id":1066,"href":"https:\/\/asszert.de\/index.php?rest_route=\/wp\/v2\/pages\/81\/revisions\/1066"}],"up":[{"embeddable":true,"href":"https:\/\/asszert.de\/index.php?rest_route=\/wp\/v2\/pages\/243"}],"wp:attachment":[{"href":"https:\/\/asszert.de\/index.php?rest_route=%2Fwp%2Fv2%2Fmedia&parent=81"}],"curies":[{"name":"wp","href":"https:\/\/api.w.org\/{rel}","templated":true}]}}