{"id":58,"date":"2015-05-11T01:27:49","date_gmt":"2015-05-10T23:27:49","guid":{"rendered":"http:\/\/asszert.de\/?page_id=58"},"modified":"2023-10-10T11:47:12","modified_gmt":"2023-10-10T09:47:12","slug":"energiemanagement-nach-din-en-iso-50001","status":"publish","type":"page","link":"https:\/\/asszert.de\/?page_id=58","title":{"rendered":"Energiemanagement nach DIN EN ISO 50001"},"content":{"rendered":"<section id=\"builder-section-1431300390732\" class=\"builder-section-first builder-section builder-section-text builder-section-next-text builder-text-columns-1\" style=\"background-repeat: repeat;background-position: center center;\">\n<div class=\"builder-section-content\">\n<div class=\"builder-text-row\">\n<div class=\"builder-text-column builder-text-column-1\" id=\"builder-section-1431300390732-column-1\">\n<div class=\"builder-text-content\">\n<hr class=\"ttfmake-hr\" style=\"border-style: dotted; border-top-width: 2px;\" \/>\n<p><div class=\"printfriendly pf-button  pf-alignright\"><a href=\"https:\/\/asszert.de\/?page_id=58&amp;pfstyle=wp\" rel=\"nofollow\"  title=\"Printer Friendly, PDF & Email\"><img decoding=\"async\" class=\"pf-button-img\" src=\"https:\/\/cdn.printfriendly.com\/buttons\/print-button-gray.png\" alt=\"Print Friendly, PDF & Email\" style=\"width: 66px;height: 24px;\"  \/><\/a><\/div><span style=\"color: #808080;\"><a style=\"color: #808080;\" href=\"http:\/\/asszert.de\/?page_id=49\">T\u00e4tigkeitsfelder<\/a><\/span>\u00a0 &gt;\u00a0<a href=\"http:\/\/asszert.de\/?page_id=58\">Energiemanagement nach DIN EN ISO 50001<\/a><\/p>\n<hr class=\"ttfmake-hr\" style=\"border-style: dotted; border-top-width: 2px;\" \/>\n<p><strong><span style=\"color: #808080;\"><a style=\"color: #808080;\" href=\"http:\/\/asszert.de\/?page_id=51\">QMS<\/a>\u00a0\u00a0I \u00a0<a style=\"color: #808080;\" href=\"http:\/\/asszert.de\/?page_id=54\">UMS<\/a>\u00a0\u00a0I \u00a0<a style=\"color: #808080;\" href=\"http:\/\/asszert.de\/?page_id=56\">SGAMS<\/a>\u00a0\u00a0I \u00a0<\/span><a href=\"http:\/\/asszert.de\/?page_id=58\">EnMS<\/a><span style=\"color: #808080;\">\u00a0\u00a0I \u00a0<a style=\"color: #808080;\" href=\"http:\/\/asszert.de\/?page_id=60\"><strong>SpaEfV\u00a0\/ EDL-G<\/strong><\/a> \u00a0I \u00a0<a style=\"color: #808080;\" href=\"http:\/\/asszert.de\/?page_id=62\">KTA 1401<\/a>\u00a0\u00a0I<\/span><\/strong><span style=\"color: #808080;\">\u00a0<\/span><strong><span style=\"color: #808080;\">\u00a0<a style=\"color: #808080;\" href=\"http:\/\/asszert.de\/?page_id=924\">GWO<\/a><\/span><\/strong><\/p>\n<\/p><\/div>\n<\/p><\/div>\n<\/p><\/div>\n<\/p><\/div>\n<\/section>\n<section id=\"builder-section-1431300411418\" class=\"builder-section-prev-text builder-section builder-section-text builder-section-next-text builder-text-columns-1\" style=\"background-repeat: repeat;background-position: center center;\">\n<div class=\"builder-section-content\">\n<div class=\"builder-text-row\">\n<div class=\"builder-text-column builder-text-column-1\" id=\"builder-section-1431300411418-column-1\">\n<div class=\"builder-text-content\">\n<p style=\"text-align: justify;\"><b><span style=\"font-family: Helvetica, Geneva, Arial, SunSans-Regular, sans-serif;\">Zertifizierung von Energiemanagementsystemen nach DIN EN ISO 50001<\/span><\/b><\/p>\n<p><span style=\"font-family: Helvetica, Geneva, Arial, SunSans-Regular, sans-serif;\">Ein gezieltes Energiemanagement (EnMS) nach DIN EN ISO 50001 ist ein nachweislich wirksames Instrument, um den Energieverbrauch und die damit verbundenen CO2-Emissionen und die daraus resultierenden Kosten zu senken.<\/span><\/p>\n<p><span style=\"font-family: Helvetica, Geneva, Arial, SunSans-Regular, sans-serif;\">Dar\u00fcber hinaus werden staatliche Verg\u00fcnstigungen, wie die bereits jetzt bestehende besondere Ausgleichsregelung nach \u00a7 40 ff. Erneuerbare-Energie-Gesetz und zuk\u00fcnftig die Nachfolgeregelung zum sog. Spitzenausgleich, an das Betreiben eines EnMS nach Regeln der DIN EN ISO 50001 gebunden.<\/span><\/p>\n<p><span style=\"font-family: Helvetica, Geneva, Arial, SunSans-Regular, sans-serif;\">Die Struktur der Norm entspricht der DIN EN ISO 9001 (Qualit\u00e4tsmanagementsysteme) und DIN EN ISO 14001 (Umweltmanagementsysteme) und kann damit in diese Managementsysteme integriert werden.<\/span><\/p>\n<hr class=\"ttfmake-hr\" style=\"border-style: solid; border-top-width: 1px;\" \/>\n<p style=\"text-align: justify;\">Der folgende Ablauf stellt ein typisches Zertifizierungsverfahren nach DIN EN ISO 9001, DIN EN ISO 14001, DIN EN ISO 50001 und DIN ISO 45001 vom Vertragsabschluss \u00fcber die Zertifizierung bis zur wiederkehrenden Auditierung im 2. und 3. Jahr dar.<\/p>\n<p style=\"text-align: justify;\"><!--more--><\/p>\n<p style=\"text-align: center;\"><strong>Vertragsabschluss<\/strong><\/p>\n<p style=\"text-align: center;\"><span class=\"ttfmake-icon mceNonEditable fa\">\uf078<\/span><\/p>\n<hr class=\"ttfmake-hr\" style=\"border-style: solid; border-top-width: 1px;\" \/>\n<p style=\"text-align: center;\"><strong>1. Abschnitt: Bewertung<\/strong><\/p>\n<p style=\"text-align: center;\">Beurteilung anhand Fragenliste<\/p>\n<p style=\"text-align: center;\">Projektgespr\u00e4ch, wenn gew\u00fcnscht<\/p>\n<p style=\"text-align: center;\"><span class=\"ttfmake-icon mceNonEditable fa\">\uf078<\/span><\/p>\n<hr class=\"ttfmake-hr\" style=\"border-style: solid; border-top-width: 1px;\" \/>\n<p style=\"text-align: center;\"><strong>2. Abschnitt:\u00a0Voraudit<\/strong><\/p>\n<p style=\"text-align: center;\">Voraudit, wenn gew\u00fcnscht (kann auch nach dem 3. Abschnitt erfolgen)<\/p>\n<p style=\"text-align: center;\"><span class=\"ttfmake-icon mceNonEditable fa\">\uf078<\/span><\/p>\n<hr class=\"ttfmake-hr\" style=\"border-style: solid; border-top-width: 1px;\" \/>\n<p style=\"text-align: center;\"><strong>3. Abschnitt:\u00a0Audit Stufe 1<\/strong><\/p>\n<p style=\"text-align: center;\">Pr\u00fcfen Handbuch\/-Verfahrensanweisungen<\/p>\n<p style=\"text-align: center;\">Kl\u00e4rung der Voraussetzungen f\u00fcr das Audit Stufe 2<\/p>\n<p style=\"text-align: center;\">Erstellen Audit Plan<\/p>\n<p style=\"text-align: center;\"><span class=\"ttfmake-icon mceNonEditable fa\">\uf078<\/span><\/p>\n<hr class=\"ttfmake-hr\" style=\"border-style: solid; border-top-width: 1px;\" \/>\n<p style=\"text-align: center;\"><strong>4. Abschnitt:\u00a0Audit Stufe 2<\/strong><\/p>\n<p style=\"text-align: center;\">Audit im Unternehmen Durchf\u00fchren<\/p>\n<p style=\"text-align: center;\">Auswertung des Audits<\/p>\n<p style=\"text-align: center;\"><span class=\"ttfmake-icon mceNonEditable fa\">\uf078<\/span><\/p>\n<hr class=\"ttfmake-hr\" style=\"border-style: solid; border-top-width: 1px;\" \/>\n<p style=\"text-align: center;\"><strong>5. Abschnitt:\u00a0Bewertung von Korrekturma\u00dfnahmen<\/strong><\/p>\n<p style=\"text-align: center;\">Bewertung von Korrekturma\u00dfnahmen mittels<\/p>\n<p style=\"text-align: center;\">\u2022 Nachaudit, wenn erforderlich<\/p>\n<p style=\"text-align: center;\">\u2022 Nachweis durch Unterlagen<\/p>\n<p style=\"text-align: center;\"><span class=\"ttfmake-icon mceNonEditable fa\">\uf078<\/span><\/p>\n<hr class=\"ttfmake-hr\" style=\"border-style: solid; border-top-width: 1px;\" \/>\n<p style=\"text-align: center;\"><strong>6. Abschnitt:\u00a0Zertifizierungsdokumentation<\/strong><\/p>\n<p style=\"text-align: center;\">Auditbericht erstellen<\/p>\n<p style=\"text-align: center;\">Interne Pr\u00fcfung des Auditberichtes<\/p>\n<p style=\"text-align: center;\">Zertifikat ausstellen (G\u00fcltigkeit 3 Jahre)<\/p>\n<p style=\"text-align: center;\"><span class=\"ttfmake-icon mceNonEditable fa\">\uf078<\/span><\/p>\n<hr class=\"ttfmake-hr\" style=\"border-style: solid; border-top-width: 1px;\" \/>\n<p style=\"text-align: center;\"><strong>7. Abschnitt:\u00a0J\u00e4hrliche Audits<\/strong><\/p>\n<p style=\"text-align: center;\">nach je 1 Jahr wird ein Audit nach Abschluss des Audits von Stufe 2 vor Ort durchgef\u00fchrt (insgesamt zweimal)<\/p>\n<p style=\"text-align: center;\"><span class=\"ttfmake-icon mceNonEditable fa\">\uf078<\/span><\/p>\n<hr class=\"ttfmake-hr\" style=\"border-style: solid; border-top-width: 1px;\" \/>\n<p style=\"text-align: center;\"><b>Re-Zertifizierung<\/b><\/p>\n<p style=\"text-align: center;\">nach 3 Jahren erfolgt eine Re-Zertifizierung mit neuem Vertragsabschluss, wenn gew\u00fcnscht<\/p>\n<p style=\"text-align: center;\">Neuausstellung des Zertifikats<\/p>\n<hr class=\"ttfmake-hr\" style=\"border-style: solid; border-top-width: 1px;\" \/>\n<p style=\"text-align: center;\">\u00a0<\/p>\n<\/p><\/div>\n<\/p><\/div>\n<\/p><\/div>\n<\/p><\/div>\n<\/section>\n<section id=\"builder-section-1431300442317\" class=\"builder-section-prev-text builder-section builder-section-text builder-section-last builder-text-columns-2 layout-6\" style=\"background-repeat: repeat;background-position: center center;\">\n<div class=\"builder-section-content\">\n<div class=\"builder-text-row\">\n<div class=\"builder-text-column builder-text-column-1\" id=\"builder-section-1431300442317-column-1\">\n<div class=\"builder-text-content\">\n<p style=\"text-align: justify;\"><strong>Hintergrund\u00a0der\u00a0<\/strong><strong>Energiemanagementsysteme<\/strong><\/p>\n<p style=\"text-align: justify;\">Im Rahmen der festgelegten Energieeinsparziele (20% bis 2020) in Europa und in Deutschland hat die EU durch die Energieeffizienz-Richtlinie 2012\/27\/EU Ma\u00dfnahmen zur F\u00f6rderung der Energieeffizienz geschaffen.\u00a0<\/p>\n<p style=\"text-align: justify;\">Zur Umsetzung der Ma\u00dfnahmen hat der Bundesrat die Novelle des Energiedienstleistungsgesetzes (EDL-G) am 6. M\u00e4rz verabschiedet. Das novellierte Energiedienstleistungsgesetz ist am 22.04.2015 in Kraft getreten. Das neue EDL-G gilt grunds\u00e4tzlich f\u00fcr alle Unternehmen, die nach Definition der EU-Kommission keine kleinen und mittleren Unternehmen (sogenannte Nicht-KMU) sind.\u00a0<\/p>\n<p style=\"text-align: justify; padding-left: 30px;\"><cite><strong>Definition<\/strong>: Sowohl produzierende als auch Dienstleistungs- und Handelsunternehmen, mit mehr als 250 Mitarbeitern oder einem Jahresumsatz von mind. 50 Mio. Euro oder einer Bilanzsumme von mind. 43 Mio. Euro fallen in den Geltungsbereich des EDL-G.<\/cite><\/p>\n<p style=\"text-align: justify;\">Alle Unternehmen in Deutschland, die keine \u201eKMU\u201c sind, werden gem\u00e4\u00df EDL-G verpflichtet:<\/p>\n<ul>\n<li style=\"text-align: justify;\">ein Energieaudit nach EN 16247-1 (bis sp\u00e4testens 05.12.2015!) oder<\/li>\n<li style=\"text-align: justify;\">ein Energiemanagement nach ISO 50001 (Verpflichtungserkl\u00e4rung bis 05.12.2015, Zertifizierung bis 31.12.2015) oder<\/li>\n<li style=\"text-align: justify;\">ein Umweltmanagement nach EMAS (Verpflichtungserkl\u00e4rung bis 05.12.2015, Validierung bis 31.12.2015) einzuf\u00fchren.<\/li>\n<\/ul><\/div>\n<\/p><\/div>\n<div class=\"builder-text-column builder-text-column-2\" id=\"builder-section-1431300442317-column-2\">\n<div class=\"builder-text-content\">\n<p>Energieaudits nach DIN EN 16247 m\u00fcssen alle 4 Jahre wiederholt werden.<\/p>\n<p><em><strong>Hinweis:<\/strong>\u00a0<\/em>Kommen Unternehmen den Vorgaben des EDL-G nicht nach, k\u00f6nnen Bu\u00dfgelder f\u00e4llig werden. Die H\u00f6he der Verwarnungsgelder richtet sich nach den Energieverb\u00e4uchen der Unternehmen. Die Bu\u00dfgelder sind auf 50.000 Euro pro zu auditierender Unternehmenseinheit gedeckelt, dennoch erfordert die ambitionierte Fristsetzung, dass sich Unternehmen zeitnah der Thematik annehmen!<\/p>\n<p>Die zust\u00e4ndige \u00dcberwachungsbeh\u00f6rde ist die Bundesstelle f\u00fcr Energieeffizienz (BfEE) im Bundesamt f\u00fcr Wirtschaft und Ausfuhrkontrolle (BAFA). Die Nachweisf\u00fchrung f\u00fcr die Erf\u00fcllung der Anforderungen erfolgt \u00fcber die BfEE.<\/p>\n<p>Wird ein Unternehmen durch die BfEE aufgefordert Nachweise einzureichen, sind folgende Dokumente vorzulegen:<\/p>\n<ul>\n<li>Selbsterkl\u00e4rung, dass das Unternehmen kein KMU ist oder<\/li>\n<li>Dokumentation der Durchf\u00fchrung des Energieaudits gem. DIN 16247 durch diejenige Person, die das Energieaudit durchgef\u00fchrt hat oder<\/li>\n<li>ISO 50001 Zertifikat sowie die Akkreditierungsurkunde der Zertifizierungsstelle oder<\/li>\n<li>Eintragungs- oder Verl\u00e4ngerungsbescheid der EMAS-Registrierungsstelle bzw. Best\u00e4tigung der EMAS-Registrierungsstelle \u00fcber eine aktive Registrierung.<\/li>\n<\/ul>\n<p>AssZert f\u00fchrt keine Energieaudits nach EN 16247-1 durch.<\/p>\n<\/p><\/div>\n<\/p><\/div>\n<\/p><\/div>\n<\/p><\/div>\n<\/section>\n","protected":false},"excerpt":{"rendered":"<p>T\u00e4tigkeitsfelder\u00a0 &gt;\u00a0Energiemanagement nach DIN EN ISO 50001 QMS\u00a0\u00a0I \u00a0UMS\u00a0\u00a0I \u00a0SGAMS\u00a0\u00a0I \u00a0EnMS\u00a0\u00a0I \u00a0SpaEfV\u00a0\/ EDL-G \u00a0I \u00a0KTA 1401\u00a0\u00a0I\u00a0\u00a0GWO Zertifizierung von Energiemanagementsystemen nach DIN EN ISO 50001 Ein gezieltes Energiemanagement (EnMS) nach DIN EN ISO 50001 ist ein nachweislich wirksames Instrument, um den Energieverbrauch und die damit verbundenen CO2-Emissionen und die daraus resultierenden Kosten zu senken. Dar\u00fcber hinaus &hellip;<\/p>\n","protected":false},"author":1,"featured_media":0,"parent":49,"menu_order":0,"comment_status":"closed","ping_status":"closed","template":"template-builder.php","meta":{"footnotes":""},"class_list":["post-58","page","type-page","status-publish","hentry"],"_links":{"self":[{"href":"https:\/\/asszert.de\/index.php?rest_route=\/wp\/v2\/pages\/58"}],"collection":[{"href":"https:\/\/asszert.de\/index.php?rest_route=\/wp\/v2\/pages"}],"about":[{"href":"https:\/\/asszert.de\/index.php?rest_route=\/wp\/v2\/types\/page"}],"author":[{"embeddable":true,"href":"https:\/\/asszert.de\/index.php?rest_route=\/wp\/v2\/users\/1"}],"replies":[{"embeddable":true,"href":"https:\/\/asszert.de\/index.php?rest_route=%2Fwp%2Fv2%2Fcomments&post=58"}],"version-history":[{"count":15,"href":"https:\/\/asszert.de\/index.php?rest_route=\/wp\/v2\/pages\/58\/revisions"}],"predecessor-version":[{"id":1104,"href":"https:\/\/asszert.de\/index.php?rest_route=\/wp\/v2\/pages\/58\/revisions\/1104"}],"up":[{"embeddable":true,"href":"https:\/\/asszert.de\/index.php?rest_route=\/wp\/v2\/pages\/49"}],"wp:attachment":[{"href":"https:\/\/asszert.de\/index.php?rest_route=%2Fwp%2Fv2%2Fmedia&parent=58"}],"curies":[{"name":"wp","href":"https:\/\/api.w.org\/{rel}","templated":true}]}}