{"id":56,"date":"2015-05-11T01:26:14","date_gmt":"2015-05-10T23:26:14","guid":{"rendered":"http:\/\/asszert.de\/?page_id=56"},"modified":"2023-10-01T13:20:30","modified_gmt":"2023-10-01T11:20:30","slug":"arbeits-und-gesundheitsschutz-nach-bs-ohsas-18001","status":"publish","type":"page","link":"https:\/\/asszert.de\/?page_id=56","title":{"rendered":"SGA-Managementsystem f\u00fcr Sicherheit und Gesundheit bei der Arbeit"},"content":{"rendered":"<section id=\"builder-section-1431300323478\" class=\"builder-section-first builder-section builder-section-text builder-section-next-text builder-text-columns-1\" style=\"background-repeat: repeat;background-position: center center;\">\n<div class=\"builder-section-content\">\n<div class=\"builder-text-row\">\n<div class=\"builder-text-column builder-text-column-1\" id=\"builder-section-1431300323478-column-1\">\n<div class=\"builder-text-content\">\n<hr class=\"ttfmake-hr\" style=\"border-style: dotted; border-top-width: 2px;\" \/>\n<p><div class=\"printfriendly pf-button  pf-alignright\"><a href=\"https:\/\/asszert.de\/?page_id=56&amp;pfstyle=wp\" rel=\"nofollow\"  title=\"Printer Friendly, PDF & Email\"><img decoding=\"async\" class=\"pf-button-img\" src=\"https:\/\/cdn.printfriendly.com\/buttons\/print-button-gray.png\" alt=\"Print Friendly, PDF & Email\" style=\"width: 66px;height: 24px;\"  \/><\/a><\/div><span style=\"color: #808080;\"><a style=\"color: #808080;\" href=\"http:\/\/asszert.de\/?page_id=49\">T\u00e4tigkeitsfelder<\/a><\/span>\u00a0&gt;\u00a0<a href=\"http:\/\/asszert.de\/?page_id=56\">Arbeits- und Gesundheitsschutzmanagementsysteme\u00a0nach DIN ISO 45001<\/a><\/p>\n<hr class=\"ttfmake-hr\" style=\"border-style: dotted; border-top-width: 2px;\" \/>\n<p><strong><span style=\"color: #808080;\"><a style=\"color: #808080;\" href=\"http:\/\/asszert.de\/?page_id=51\">QMS<\/a>\u00a0\u00a0I \u00a0<a style=\"color: #808080;\" href=\"http:\/\/asszert.de\/?page_id=54\">UMS<\/a>\u00a0\u00a0I \u00a0<\/span><a href=\"http:\/\/asszert.de\/?page_id=56\">SGAMS<\/a><span style=\"color: #808080;\">\u00a0\u00a0I \u00a0<a style=\"color: #808080;\" href=\"http:\/\/asszert.de\/?page_id=58\">EnMS<\/a>\u00a0\u00a0I \u00a0<a style=\"color: #808080;\" href=\"http:\/\/asszert.de\/?page_id=60\">SpaEfV<\/a><a style=\"color: #808080;\" href=\"http:\/\/asszert.de\/?page_id=60\">\u00a0\/ EDL-G<\/a>\u00a0\u00a0I \u00a0<a style=\"color: #808080;\" href=\"http:\/\/asszert.de\/?page_id=62\">KTA 1401<\/a>\u00a0\u00a0I<\/span><\/strong><span style=\"color: #808080;\">\u00a0<\/span><strong><span style=\"color: #808080;\">\u00a0<a style=\"color: #808080;\" href=\"http:\/\/asszert.de\/?page_id=924\">GWO<\/a><\/span><\/strong><\/p>\n<\/p><\/div>\n<\/p><\/div>\n<\/p><\/div>\n<\/p><\/div>\n<\/section>\n<section id=\"builder-section-1431300344670\" class=\"builder-section-prev-text builder-section builder-section-text builder-section-last builder-text-columns-1\" style=\"background-repeat: repeat;background-position: center center;\">\n<div class=\"builder-section-content\">\n<div class=\"builder-text-row\">\n<div class=\"builder-text-column builder-text-column-1\" id=\"builder-section-1431300344670-column-1\">\n<div class=\"builder-text-content\">\n<p style=\"text-align: justify;\"><strong>Zertifizierung von Arbeits- und Gesundheitsschutz-Managementsysteme nach DIN ISO 45001\u00a0<\/strong><\/p>\n<p style=\"text-align: justify;\">Arbeits- und Gesundheitsschutz ist in Deutschland und Europa ein wichtiges Thema in den Unternehmen. Er ist Ausdruck eines humanistischen Weltbildes und sichert den Erhalt der personellen Ressourcen. Managementsysteme haben sich zur Umsetzung der vielf\u00e4ltigen gesetzlichen und berufsgenossenschaftlichen Anforderungen unter Anleitung durch Organisationsnormen etabliert. Der aktuelle Standard f\u00fcr ein umfassendes Arbeits- und Gesundheitsschutz-Managementsystem ist die DIN ISO 45001.<\/p>\n<p style=\"text-align: justify;\">Die Einf\u00fchrung eines Arbeits- und Gesundheitsschutz-Managementsystem nach dieser Norm ist freiwillig. Mit der Einf\u00fchrung wird eine systematische Aufbau- und Ablauforganisation zu diesem Organisationsthema verbindlich geregelt. Sie ist Basis f\u00fcr eine Zertifizierung.<\/p>\n<p style=\"text-align: justify;\">Mit der Zertifizierung besteht ein objektiver Nachweis f\u00fcr das Unternehmen, zur Einf\u00fchrung und Aufrechterhaltung eines Arbeits- und Gesundheitsschutz-Managementsystems. Dies hat folgende Vorteile:<\/p>\n<ul>\n<li style=\"text-align: justify;\">F\u00fcr das zertifizierte Unternehmen bedeutet die Beurteilung eine objektive und unabh\u00e4ngige Pr\u00fcfung des intern geregelten und umgesetzten Arbeits- und Gesundheitsschutzes \u2013 ohne Sanktionen bef\u00fcrchten zu m\u00fcssen!<\/li>\n<li style=\"text-align: justify;\">F\u00fcr potenzielle Auftraggeber ist der Zertifizierungsnachweis ein wichtiger Aspekt f\u00fcr den Einsatz von Nachunternehmen in ihren Anlagen und Werken und dient zur Bewertung im Beschaffungsprozess.<\/li>\n<\/ul>\n<hr class=\"ttfmake-hr\" style=\"border-style: solid; border-top-width: 1px;\" \/>\n<p style=\"text-align: justify;\">Der folgende Ablauf stellt ein typisches Zertifizierungsverfahren nach DIN EN ISO 9001, DIN EN ISO 14001, DIN EN ISO 50001 und DIN ISO 45001 vom Vertragsabschluss \u00fcber die Zertifizierung bis zur wiederkehrenden Auditierung im 2. und 3. Jahr dar.<\/p>\n<p style=\"text-align: justify;\"><!--more--><\/p>\n<p style=\"text-align: center;\"><strong>Vertragsabschluss<\/strong><\/p>\n<p style=\"text-align: center;\"><span class=\"ttfmake-icon mceNonEditable fa\">\uf078<\/span><\/p>\n<hr class=\"ttfmake-hr\" style=\"border-style: solid; border-top-width: 1px;\" \/>\n<p style=\"text-align: center;\"><strong>1. Abschnitt: Bewertung<\/strong><\/p>\n<p style=\"text-align: center;\">Beurteilung anhand Fragenliste<\/p>\n<p style=\"text-align: center;\">Projektgespr\u00e4ch, wenn gew\u00fcnscht<\/p>\n<p style=\"text-align: center;\"><span class=\"ttfmake-icon mceNonEditable fa\">\uf078<\/span><\/p>\n<hr class=\"ttfmake-hr\" style=\"border-style: solid; border-top-width: 1px;\" \/>\n<p style=\"text-align: center;\"><strong>2. Abschnitt:\u00a0Voraudit<\/strong><\/p>\n<p style=\"text-align: center;\">Voraudit, wenn gew\u00fcnscht (kann auch nach dem 3. Abschnitt erfolgen)<\/p>\n<p style=\"text-align: center;\"><span class=\"ttfmake-icon mceNonEditable fa\">\uf078<\/span><\/p>\n<hr class=\"ttfmake-hr\" style=\"border-style: solid; border-top-width: 1px;\" \/>\n<p style=\"text-align: center;\"><strong>3. Abschnitt:\u00a0Audit Stufe 1<\/strong><\/p>\n<p style=\"text-align: center;\">Pr\u00fcfen Handbuch\/-Verfahrensanweisungen<\/p>\n<p style=\"text-align: center;\">Kl\u00e4rung der Voraussetzungen f\u00fcr das Audit Stufe 2<\/p>\n<p style=\"text-align: center;\">Erstellen Audit Plan<\/p>\n<p style=\"text-align: center;\"><span class=\"ttfmake-icon mceNonEditable fa\">\uf078<\/span><\/p>\n<hr class=\"ttfmake-hr\" style=\"border-style: solid; border-top-width: 1px;\" \/>\n<p style=\"text-align: center;\"><strong>4. Abschnitt:\u00a0Audit Stufe 2<\/strong><\/p>\n<p style=\"text-align: center;\">Audit im Unternehmen Durchf\u00fchren<\/p>\n<p style=\"text-align: center;\">Auswertung des Audits<\/p>\n<p style=\"text-align: center;\"><span class=\"ttfmake-icon mceNonEditable fa\">\uf078<\/span><\/p>\n<hr class=\"ttfmake-hr\" style=\"border-style: solid; border-top-width: 1px;\" \/>\n<p style=\"text-align: center;\"><strong>5. Abschnitt:\u00a0Bewertung von Korrekturma\u00dfnahmen<\/strong><\/p>\n<p style=\"text-align: center;\">Bewertung von Korrekturma\u00dfnahmen mittels<\/p>\n<p style=\"text-align: center;\">\u2022 Nachaudit, wenn erforderlich<\/p>\n<p style=\"text-align: center;\">\u2022 Nachweis durch Unterlagen<\/p>\n<p style=\"text-align: center;\"><span class=\"ttfmake-icon mceNonEditable fa\">\uf078<\/span><\/p>\n<hr class=\"ttfmake-hr\" style=\"border-style: solid; border-top-width: 1px;\" \/>\n<p style=\"text-align: center;\"><strong>6. Abschnitt:\u00a0Zertifizierungsdokumentation<\/strong><\/p>\n<p style=\"text-align: center;\">Auditbericht erstellen<\/p>\n<p style=\"text-align: center;\">Interne Pr\u00fcfung des Auditberichtes<\/p>\n<p style=\"text-align: center;\">Zertifikat ausstellen (G\u00fcltigkeit 3 Jahre)<\/p>\n<p style=\"text-align: center;\"><span class=\"ttfmake-icon mceNonEditable fa\">\uf078<\/span><\/p>\n<hr class=\"ttfmake-hr\" style=\"border-style: solid; border-top-width: 1px;\" \/>\n<p style=\"text-align: center;\"><strong>7. Abschnitt:\u00a0J\u00e4hrliche Audits<\/strong><\/p>\n<p style=\"text-align: center;\">nach je 1 Jahr wird ein Audit nach Abschluss des Audits von Stufe 2 vor Ort durchgef\u00fchrt (insgesamt zweimal)<\/p>\n<p style=\"text-align: center;\"><span class=\"ttfmake-icon mceNonEditable fa\">\uf078<\/span><\/p>\n<hr class=\"ttfmake-hr\" style=\"border-style: solid; border-top-width: 1px;\" \/>\n<p style=\"text-align: center;\"><b>Re-Zertifizierung<\/b><\/p>\n<p style=\"text-align: center;\">nach 3 Jahren erfolgt eine Re-Zertifizierung mit neuem Vertragsabschluss, wenn gew\u00fcnscht<\/p>\n<p style=\"text-align: center;\">Neuausstellung des Zertifikats<\/p>\n<\/p><\/div>\n<\/p><\/div>\n<\/p><\/div>\n<\/p><\/div>\n<\/section>\n","protected":false},"excerpt":{"rendered":"<p>T\u00e4tigkeitsfelder\u00a0&gt;\u00a0Arbeits- und Gesundheitsschutzmanagementsysteme\u00a0nach DIN ISO 45001 QMS\u00a0\u00a0I \u00a0UMS\u00a0\u00a0I \u00a0SGAMS\u00a0\u00a0I \u00a0EnMS\u00a0\u00a0I \u00a0SpaEfV\u00a0\/ EDL-G\u00a0\u00a0I \u00a0KTA 1401\u00a0\u00a0I\u00a0\u00a0GWO Zertifizierung von Arbeits- und Gesundheitsschutz-Managementsysteme nach DIN ISO 45001\u00a0 Arbeits- und Gesundheitsschutz ist in Deutschland und Europa ein wichtiges Thema in den Unternehmen. Er ist Ausdruck eines humanistischen Weltbildes und sichert den Erhalt der personellen Ressourcen. Managementsysteme haben sich zur Umsetzung &hellip;<\/p>\n","protected":false},"author":1,"featured_media":0,"parent":49,"menu_order":0,"comment_status":"closed","ping_status":"closed","template":"template-builder.php","meta":{"footnotes":""},"class_list":["post-56","page","type-page","status-publish","hentry"],"_links":{"self":[{"href":"https:\/\/asszert.de\/index.php?rest_route=\/wp\/v2\/pages\/56"}],"collection":[{"href":"https:\/\/asszert.de\/index.php?rest_route=\/wp\/v2\/pages"}],"about":[{"href":"https:\/\/asszert.de\/index.php?rest_route=\/wp\/v2\/types\/page"}],"author":[{"embeddable":true,"href":"https:\/\/asszert.de\/index.php?rest_route=\/wp\/v2\/users\/1"}],"replies":[{"embeddable":true,"href":"https:\/\/asszert.de\/index.php?rest_route=%2Fwp%2Fv2%2Fcomments&post=56"}],"version-history":[{"count":16,"href":"https:\/\/asszert.de\/index.php?rest_route=\/wp\/v2\/pages\/56\/revisions"}],"predecessor-version":[{"id":1094,"href":"https:\/\/asszert.de\/index.php?rest_route=\/wp\/v2\/pages\/56\/revisions\/1094"}],"up":[{"embeddable":true,"href":"https:\/\/asszert.de\/index.php?rest_route=\/wp\/v2\/pages\/49"}],"wp:attachment":[{"href":"https:\/\/asszert.de\/index.php?rest_route=%2Fwp%2Fv2%2Fmedia&parent=56"}],"curies":[{"name":"wp","href":"https:\/\/api.w.org\/{rel}","templated":true}]}}