{"id":54,"date":"2015-05-11T01:25:14","date_gmt":"2015-05-10T23:25:14","guid":{"rendered":"http:\/\/asszert.de\/?page_id=54"},"modified":"2023-10-01T13:19:47","modified_gmt":"2023-10-01T11:19:47","slug":"umweltmanagement-nach-din-en-iso-14001","status":"publish","type":"page","link":"https:\/\/asszert.de\/?page_id=54","title":{"rendered":"Umweltmanagement nach DIN EN ISO 14001"},"content":{"rendered":"<section id=\"builder-section-1431300180356\" class=\"builder-section-first builder-section builder-section-text builder-section-next-text builder-text-columns-1\" style=\"background-repeat: repeat;background-position: center center;\">\n<div class=\"builder-section-content\">\n<div class=\"builder-text-row\">\n<div class=\"builder-text-column builder-text-column-1\" id=\"builder-section-1431300180356-column-1\">\n<div class=\"builder-text-content\">\n<hr class=\"ttfmake-hr\" style=\"border-style: dotted; border-top-width: 2px;\" \/>\n<p><div class=\"printfriendly pf-button  pf-alignright\"><a href=\"https:\/\/asszert.de\/?page_id=54&amp;pfstyle=wp\" rel=\"nofollow\"  title=\"Printer Friendly, PDF & Email\"><img decoding=\"async\" class=\"pf-button-img\" src=\"https:\/\/cdn.printfriendly.com\/buttons\/print-button-gray.png\" alt=\"Print Friendly, PDF & Email\" style=\"width: 66px;height: 24px;\"  \/><\/a><\/div><span style=\"color: #808080;\"><a style=\"color: #808080;\" href=\"http:\/\/asszert.de\/?page_id=49\">T\u00e4tigkeitsfelder<\/a><\/span>\u00a0 &gt;\u00a0<a href=\"http:\/\/asszert.de\/?page_id=54\">Umweltmanagement nach DIN EN ISO 14001<\/a><\/p>\n<hr class=\"ttfmake-hr\" style=\"border-style: dotted; border-top-width: 2px;\" \/>\n<p><strong><span style=\"color: #808080;\"><a style=\"color: #808080;\" href=\"http:\/\/asszert.de\/?page_id=51\">QMS<\/a>\u00a0\u00a0I \u00a0<\/span><a href=\"http:\/\/asszert.de\/?page_id=54\">UMS<\/a><span style=\"color: #808080;\">\u00a0\u00a0I \u00a0<a style=\"color: #808080;\" href=\"http:\/\/asszert.de\/?page_id=56\"><span style=\"color: #808080;\">SGAMS<\/span><\/a>\u00a0\u00a0I \u00a0<a style=\"color: #808080;\" href=\"http:\/\/asszert.de\/?page_id=58\">EnMS<\/a>\u00a0\u00a0I \u00a0<a style=\"color: #808080;\" href=\"http:\/\/asszert.de\/?page_id=60\">SpaEfV\u00a0\/ EDL-G<\/a> \u00a0I \u00a0<a style=\"color: #808080;\" href=\"http:\/\/asszert.de\/?page_id=62\">KTA 1401<\/a>\u00a0\u00a0I <a style=\"color: #808080;\" href=\"http:\/\/asszert.de\/?page_id=64\">\u00a0<\/a><\/span><\/strong><strong><span style=\"color: #808080;\"><a style=\"color: #808080;\" href=\"http:\/\/asszert.de\/?page_id=924\">GWO<\/a><\/span><\/strong><\/p>\n<\/p><\/div>\n<\/p><\/div>\n<\/p><\/div>\n<\/p><\/div>\n<\/section>\n<section id=\"builder-section-1431300208195\" class=\"builder-section-prev-text builder-section builder-section-text builder-section-last builder-text-columns-1\" style=\"background-repeat: repeat;background-position: center center;\">\n<div class=\"builder-section-content\">\n<div class=\"builder-text-row\">\n<div class=\"builder-text-column builder-text-column-1\" id=\"builder-section-1431300208195-column-1\">\n<div class=\"builder-text-content\">\n<p style=\"text-align: justify;\"><b><span style=\"font-family: Helvetica, Geneva, Arial, SunSans-Regular, sans-serif;\">Zertifizierung von Umweltmanagementsystemen nach DIN EN ISO 14001<\/span><\/b><\/p>\n<p><span style=\"font-family: Helvetica, Geneva, Arial, SunSans-Regular, sans-serif;\">Die weltweit anerkannte Umweltmanagementsystem-Norm DIN EN ISO 14001 bietet den Rahmen f\u00fcr die freiwillige Entwicklung von Ma\u00dfnahmen zum aktiven Umweltschutz.<\/span><\/p>\n<p><span style=\"font-family: Helvetica, Geneva, Arial, SunSans-Regular, sans-serif;\">Das Umweltmanagementsystem schafft die Grundlage f\u00fcr einen kontinuierlichen und nachweisbaren Verbesserungsprozess f\u00fcr die umweltrelevanten Aspekte, sichert die Erf\u00fcllung der Anforderungen von Kunden und Beh\u00f6rden und verringert dar\u00fcber hinaus die Umwelt-Haftungsrisiken.<\/span><\/p>\n<p><span style=\"font-family: Helvetica, Geneva, Arial, SunSans-Regular, sans-serif;\">Die Struktur der Norm ist an DIN EN ISO 9001 (Qualit\u00e4tsmanagementsysteme) angelehnt und kann damit in dieses Managementsystem integriert werden.<\/span><\/p>\n<p><span style=\"font-family: Helvetica, Geneva, Arial, SunSans-Regular, sans-serif;\">In folgenden Branchenscopes (EAC-Nr.) werden die Leistungen von AssZert im Umweltmanagementbereich angeboten:<\/span><!--more--><\/p>\n<table style=\"font-weight: 400;\" width=\"720\">\n<tbody>\n<tr>\n<td width=\"70\">\n<p><strong>EAC-Nr.<\/strong><\/p>\n<\/td>\n<td>\n<p><strong>Bereich<\/strong><\/p>\n<\/td>\n<\/tr>\n<tr>\n<td width=\"70\">\n<p><strong>14<\/strong><\/p>\n<\/td>\n<td>\n<p>Herstellung von Gummi- und Kunststoffwaren<\/p>\n<\/td>\n<\/tr>\n<tr>\n<td width=\"70\">\n<p><strong>15<\/strong><\/p>\n<\/td>\n<td>\n<p>Glasgewerbe, Keramik, Verarbeitung von Steinen und Erden<\/p>\n<\/td>\n<\/tr>\n<tr>\n<td width=\"70\">\n<p><strong>16<\/strong><\/p>\n<\/td>\n<td>\n<p>Herstellung von Zement, Kalk, Gips und Erzeugnisse aus Beton, Kalk, Gips<\/p>\n<\/td>\n<\/tr>\n<tr>\n<td width=\"70\">\n<p><strong>17<\/strong><\/p>\n<\/td>\n<td>\n<p>Metallbearbeitung, Herstellung von Metallerzeugnissen<\/p>\n<\/td>\n<\/tr>\n<tr>\n<td width=\"70\">\n<p><strong>18<\/strong><\/p>\n<\/td>\n<td>\n<p>Maschinenbau<\/p>\n<\/td>\n<\/tr>\n<tr>\n<td width=\"70\">\n<p><strong>19<\/strong><\/p>\n<\/td>\n<td>\n<p>Herstellung von B\u00fcromaschinen, Datenverarbeitungsger\u00e4ten und -einrichtungen, Elektrotechnik, Feinmechanik, Optik<\/p>\n<\/td>\n<\/tr>\n<tr>\n<td width=\"70\">\n<p><strong>32<\/strong><\/p>\n<\/td>\n<td>\n<p>Verkehr, Nachrichten\u00fcbermittlung<\/p>\n<\/td>\n<\/tr>\n<tr>\n<td width=\"70\">\n<p><strong>34.1<\/strong><\/p>\n<\/td>\n<td>\n<p>Forschung und Entwicklung<\/p>\n<\/td>\n<\/tr>\n<tr>\n<td width=\"70\">\n<p><strong>34.2<\/strong><\/p>\n<\/td>\n<td>\n<p>Architektur- und Ingenieurb\u00fcro<\/p>\n<\/td>\n<\/tr>\n<tr>\n<td width=\"70\">\n<p><strong>35<\/strong><\/p>\n<\/td>\n<td>\n<p>Erbringung von Dienstleistungen f\u00fcr Unternehmen<\/p>\n<\/td>\n<\/tr>\n<\/tbody>\n<\/table>\n<p>Der folgende Ablauf stellt ein typisches Zertifizierungsverfahren nach DIN EN ISO 9001, DIN EN ISO 14001, DIN EN ISO 50001 und FIN IDO 45001 vom Vertragsabschluss \u00fcber die Zertifizierung bis zur wiederkehrenden Auditierung im 2. und 3. Jahr dar.<\/p>\n<p style=\"text-align: justify;\"><!--more--><\/p>\n<p style=\"text-align: center;\"><strong>Vertragsabschluss<\/strong><\/p>\n<p style=\"text-align: center;\"><span class=\"ttfmake-icon mceNonEditable fa\">\uf078<\/span><\/p>\n<hr class=\"ttfmake-hr\" style=\"border-style: solid; border-top-width: 1px;\" \/>\n<p style=\"text-align: center;\"><strong>1. Abschnitt: Bewertung<\/strong><\/p>\n<p style=\"text-align: center;\">Beurteilung anhand Fragenliste<\/p>\n<p style=\"text-align: center;\">Projektgespr\u00e4ch, wenn gew\u00fcnscht<\/p>\n<p style=\"text-align: center;\"><span class=\"ttfmake-icon mceNonEditable fa\">\uf078<\/span><\/p>\n<hr class=\"ttfmake-hr\" style=\"border-style: solid; border-top-width: 1px;\" \/>\n<p style=\"text-align: center;\"><strong>2. Abschnitt:\u00a0Voraudit<\/strong><\/p>\n<p style=\"text-align: center;\">Voraudit, wenn gew\u00fcnscht (kann auch nach dem 3. Abschnitt erfolgen)<\/p>\n<p style=\"text-align: center;\"><span class=\"ttfmake-icon mceNonEditable fa\">\uf078<\/span><\/p>\n<hr class=\"ttfmake-hr\" style=\"border-style: solid; border-top-width: 1px;\" \/>\n<p style=\"text-align: center;\"><strong>3. Abschnitt:\u00a0Audit Stufe 1<\/strong><\/p>\n<p style=\"text-align: center;\">Pr\u00fcfen Handbuch\/-Verfahrensanweisungen<\/p>\n<p style=\"text-align: center;\">Kl\u00e4rung der Voraussetzungen f\u00fcr das Audit Stufe 2<\/p>\n<p style=\"text-align: center;\">Erstellen Audit Plan<\/p>\n<p style=\"text-align: center;\"><span class=\"ttfmake-icon mceNonEditable fa\">\uf078<\/span><\/p>\n<hr class=\"ttfmake-hr\" style=\"border-style: solid; border-top-width: 1px;\" \/>\n<p style=\"text-align: center;\"><strong>4. Abschnitt:\u00a0Audit Stufe 2<\/strong><\/p>\n<p style=\"text-align: center;\">Audit im Unternehmen Durchf\u00fchren<\/p>\n<p style=\"text-align: center;\">Auswertung des Audits<\/p>\n<p style=\"text-align: center;\"><span class=\"ttfmake-icon mceNonEditable fa\">\uf078<\/span><\/p>\n<hr class=\"ttfmake-hr\" style=\"border-style: solid; border-top-width: 1px;\" \/>\n<p style=\"text-align: center;\"><strong>5. Abschnitt:\u00a0Bewertung von Korrekturma\u00dfnahmen<\/strong><\/p>\n<p style=\"text-align: center;\">Bewertung von Korrekturma\u00dfnahmen mittels<\/p>\n<p style=\"text-align: center;\">\u2022 Nachaudit, wenn erforderlich<\/p>\n<p style=\"text-align: center;\">\u2022 Nachweis durch Unterlagen<\/p>\n<p style=\"text-align: center;\"><span class=\"ttfmake-icon mceNonEditable fa\">\uf078<\/span><\/p>\n<hr class=\"ttfmake-hr\" style=\"border-style: solid; border-top-width: 1px;\" \/>\n<p style=\"text-align: center;\"><strong>6. Abschnitt:\u00a0Zertifizierungsdokumentation<\/strong><\/p>\n<p style=\"text-align: center;\">Auditbericht erstellen<\/p>\n<p style=\"text-align: center;\">Interne Pr\u00fcfung des Auditberichtes<\/p>\n<p style=\"text-align: center;\">Zertifikat ausstellen (G\u00fcltigkeit 3 Jahre)<\/p>\n<p style=\"text-align: center;\"><span class=\"ttfmake-icon mceNonEditable fa\">\uf078<\/span><\/p>\n<hr class=\"ttfmake-hr\" style=\"border-style: solid; border-top-width: 1px;\" \/>\n<p style=\"text-align: center;\"><strong>7. Abschnitt:\u00a0J\u00e4hrliche Audits<\/strong><\/p>\n<p style=\"text-align: center;\">nach je 1 Jahr wird ein Audit nach Abschluss des Audits von Stufe 2 vor Ort durchgef\u00fchrt (insgesamt zweimal)<\/p>\n<p style=\"text-align: center;\"><span class=\"ttfmake-icon mceNonEditable fa\">\uf078<\/span><\/p>\n<hr class=\"ttfmake-hr\" style=\"border-style: solid; border-top-width: 1px;\" \/>\n<p style=\"text-align: center;\"><b>Re-Zertifizierung<\/b><\/p>\n<p style=\"text-align: center;\">nach 3 Jahren erfolgt eine Re-Zertifizierung mit neuem Vertragsabschluss, wenn gew\u00fcnscht<\/p>\n<p style=\"text-align: center;\">Neuausstellung des Zertifikats<\/p>\n<\/p><\/div>\n<\/p><\/div>\n<\/p><\/div>\n<\/p><\/div>\n<\/section>\n","protected":false},"excerpt":{"rendered":"<p>T\u00e4tigkeitsfelder\u00a0 &gt;\u00a0Umweltmanagement nach DIN EN ISO 14001 QMS\u00a0\u00a0I \u00a0UMS\u00a0\u00a0I \u00a0SGAMS\u00a0\u00a0I \u00a0EnMS\u00a0\u00a0I \u00a0SpaEfV\u00a0\/ EDL-G \u00a0I \u00a0KTA 1401\u00a0\u00a0I \u00a0GWO Zertifizierung von Umweltmanagementsystemen nach DIN EN ISO 14001 Die weltweit anerkannte Umweltmanagementsystem-Norm DIN EN ISO 14001 bietet den Rahmen f\u00fcr die freiwillige Entwicklung von Ma\u00dfnahmen zum aktiven Umweltschutz. Das Umweltmanagementsystem schafft die Grundlage f\u00fcr einen kontinuierlichen und nachweisbaren &hellip;<\/p>\n","protected":false},"author":1,"featured_media":0,"parent":49,"menu_order":0,"comment_status":"closed","ping_status":"closed","template":"template-builder.php","meta":{"footnotes":""},"class_list":["post-54","page","type-page","status-publish","hentry"],"_links":{"self":[{"href":"https:\/\/asszert.de\/index.php?rest_route=\/wp\/v2\/pages\/54"}],"collection":[{"href":"https:\/\/asszert.de\/index.php?rest_route=\/wp\/v2\/pages"}],"about":[{"href":"https:\/\/asszert.de\/index.php?rest_route=\/wp\/v2\/types\/page"}],"author":[{"embeddable":true,"href":"https:\/\/asszert.de\/index.php?rest_route=\/wp\/v2\/users\/1"}],"replies":[{"embeddable":true,"href":"https:\/\/asszert.de\/index.php?rest_route=%2Fwp%2Fv2%2Fcomments&post=54"}],"version-history":[{"count":16,"href":"https:\/\/asszert.de\/index.php?rest_route=\/wp\/v2\/pages\/54\/revisions"}],"predecessor-version":[{"id":1093,"href":"https:\/\/asszert.de\/index.php?rest_route=\/wp\/v2\/pages\/54\/revisions\/1093"}],"up":[{"embeddable":true,"href":"https:\/\/asszert.de\/index.php?rest_route=\/wp\/v2\/pages\/49"}],"wp:attachment":[{"href":"https:\/\/asszert.de\/index.php?rest_route=%2Fwp%2Fv2%2Fmedia&parent=54"}],"curies":[{"name":"wp","href":"https:\/\/api.w.org\/{rel}","templated":true}]}}