{"id":49,"date":"2015-05-11T01:17:12","date_gmt":"2015-05-10T23:17:12","guid":{"rendered":"http:\/\/asszert.de\/?page_id=49"},"modified":"2023-04-15T15:04:05","modified_gmt":"2023-04-15T13:04:05","slug":"taetigkeitsfelder","status":"publish","type":"page","link":"https:\/\/asszert.de\/?page_id=49","title":{"rendered":"T\u00e4tigkeitsfelder"},"content":{"rendered":"<section id=\"builder-section-1431299556434\" class=\"builder-section-first builder-section builder-section-banner builder-section-next-text\" style=\"background-repeat: repeat;background-position: center center;\">\n<div class=\"builder-section-content\">\n<div class=\"builder-banner-slide content-position-none\" style=\"background-image: url(&#039;http:\/\/asszert.de\/wp-content\/uploads\/2015\/05\/H0-Taetigkeitsfelder.jpg&#039;);\">\n<div class=\"builder-banner-content\">\n<div class=\"builder-banner-inner-content\">\n\t\t\t\t\t\t\t\t\t<\/div>\n<\/p><\/div>\n<\/p><\/div>\n<\/p><\/div>\n<\/section>\n<section id=\"builder-section-1431299552822\" class=\"builder-section-prev-banner builder-section builder-section-text builder-section-last builder-text-columns-1\" style=\"background-repeat: repeat;background-position: center center;\">\n<div class=\"builder-section-content\">\n<div class=\"builder-text-row\">\n<div class=\"builder-text-column builder-text-column-1\" id=\"builder-section-1431299552822-column-1\">\n<div class=\"builder-text-content\">\n<p>Unser T\u00e4tigkeitsfeld besteht aus Pr\u00fcfung und\u00a0Zertifizierung der Konformit\u00e4t von:<\/p>\n<p style=\"text-align: left; padding-left: 30px;\"><span style=\"color: #ff0000;\"><strong><a href=\"http:\/\/asszert.de\/?page_id=51\">QMS<\/a>\u00a0<\/strong><\/span>Qualit\u00e4tsmanagementsysteme\u00a0nach DIN EN ISO 9001<\/p>\n<p style=\"text-align: left; padding-left: 30px;\"><span style=\"color: #ff0000;\"><strong><a href=\"http:\/\/asszert.de\/?page_id=54\">UMS<\/a>\u00a0<\/strong><\/span><span style=\"font-family: Helvetica, Geneva, Arial, SunSans-Regular, sans-serif;\">Umweltmanagementsysteme\u00a0<\/span><span style=\"font-family: Helvetica, Geneva, Arial, SunSans-Regular, sans-serif;\">nach DIN EN ISO 14001<\/span><\/p>\n<p style=\"text-align: left; padding-left: 30px;\"><span style=\"color: #ff0000;\"><strong><a href=\"http:\/\/asszert.de\/?page_id=56\">SGAMS<\/a>\u00a0<\/strong><\/span>Arbeits- und Gesundheitsschutzmanagementsysteme\u00a0nach DIN ISO 45001<\/p>\n<p style=\"text-align: left; padding-left: 30px;\"><span style=\"color: #ff0000;\"><strong><a href=\"http:\/\/asszert.de\/?page_id=58\">EnMS<\/a>\u00a0<\/strong><\/span>Energiemanagementsysteme\u00a0nach DIN EN ISO 50001<\/p>\n<p style=\"text-align: left; padding-left: 30px;\"><span style=\"color: #ff0000;\"><strong><a href=\"http:\/\/asszert.de\/?page_id=60\">SpaEfV<\/a>\u00a0<\/strong><\/span>Testierungen nach der\u00a0Spitzenausgleich-Effizienzsystemverordnung<\/p>\n<p style=\"text-align: left; padding-left: 30px;\"><a href=\"http:\/\/asszert.de\/?page_id=60\">EDL-G<\/a>\u00a0Durchf\u00fchrung von Energieaudits nach dem Energiedienstleistungsgesetz<\/p>\n<p style=\"text-align: left; padding-left: 30px;\"><span style=\"color: #ff0000;\"><a href=\"http:\/\/asszert.de\/?page_id=62\">KTA 1401<\/a>\u00a0<\/span>Qualit\u00e4tsmanagementsysteme\u00a0nach der kerntechnischen\u00a0Regel KTA 1401<\/p>\n<p style=\"text-align: left; padding-left: 30px;\"><a href=\"https:\/\/asszert.de\/?page_id=924\">GWO<\/a>\u00a0Schulungseinrichtungen f\u00fcr Windenergieanlagentechniker gem\u00e4\u00df den Vorgabe der Global Wind Organisation<\/p>\n<\/p><\/div>\n<\/p><\/div>\n<\/p><\/div>\n<\/p><\/div>\n<\/section>\n","protected":false},"excerpt":{"rendered":"<p>Unser T\u00e4tigkeitsfeld besteht aus Pr\u00fcfung und\u00a0Zertifizierung der Konformit\u00e4t von: QMS\u00a0Qualit\u00e4tsmanagementsysteme\u00a0nach DIN EN ISO 9001 UMS\u00a0Umweltmanagementsysteme\u00a0nach DIN EN ISO 14001 SGAMS\u00a0Arbeits- und Gesundheitsschutzmanagementsysteme\u00a0nach DIN ISO 45001 EnMS\u00a0Energiemanagementsysteme\u00a0nach DIN EN ISO 50001 SpaEfV\u00a0Testierungen nach der\u00a0Spitzenausgleich-Effizienzsystemverordnung EDL-G\u00a0Durchf\u00fchrung von Energieaudits nach dem Energiedienstleistungsgesetz KTA 1401\u00a0Qualit\u00e4tsmanagementsysteme\u00a0nach der kerntechnischen\u00a0Regel KTA 1401 GWO\u00a0Schulungseinrichtungen f\u00fcr Windenergieanlagentechniker gem\u00e4\u00df den Vorgabe der Global Wind Organisation<\/p>\n","protected":false},"author":1,"featured_media":0,"parent":0,"menu_order":0,"comment_status":"closed","ping_status":"closed","template":"template-builder.php","meta":{"footnotes":""},"class_list":["post-49","page","type-page","status-publish","hentry"],"_links":{"self":[{"href":"https:\/\/asszert.de\/index.php?rest_route=\/wp\/v2\/pages\/49"}],"collection":[{"href":"https:\/\/asszert.de\/index.php?rest_route=\/wp\/v2\/pages"}],"about":[{"href":"https:\/\/asszert.de\/index.php?rest_route=\/wp\/v2\/types\/page"}],"author":[{"embeddable":true,"href":"https:\/\/asszert.de\/index.php?rest_route=\/wp\/v2\/users\/1"}],"replies":[{"embeddable":true,"href":"https:\/\/asszert.de\/index.php?rest_route=%2Fwp%2Fv2%2Fcomments&post=49"}],"version-history":[{"count":13,"href":"https:\/\/asszert.de\/index.php?rest_route=\/wp\/v2\/pages\/49\/revisions"}],"predecessor-version":[{"id":1077,"href":"https:\/\/asszert.de\/index.php?rest_route=\/wp\/v2\/pages\/49\/revisions\/1077"}],"wp:attachment":[{"href":"https:\/\/asszert.de\/index.php?rest_route=%2Fwp%2Fv2%2Fmedia&parent=49"}],"curies":[{"name":"wp","href":"https:\/\/api.w.org\/{rel}","templated":true}]}}