{"id":46,"date":"2015-05-11T01:11:08","date_gmt":"2015-05-10T23:11:08","guid":{"rendered":"http:\/\/asszert.de\/?page_id=46"},"modified":"2023-10-10T14:13:05","modified_gmt":"2023-10-10T12:13:05","slug":"46-2","status":"publish","type":"page","link":"https:\/\/asszert.de\/?page_id=46","title":{"rendered":"Unsere Qualit\u00e4tspolitik"},"content":{"rendered":"<section id=\"builder-section-1431299397711\" class=\"builder-section-first builder-section builder-section-text builder-section-next-text builder-text-columns-1\" style=\"background-repeat: repeat;background-position: center center;\">\n<div class=\"builder-section-content\">\n<div class=\"builder-text-row\">\n<div class=\"builder-text-column builder-text-column-1\" id=\"builder-section-1431299397711-column-1\">\n<div class=\"builder-text-content\">\n<hr class=\"ttfmake-hr\" style=\"border-style: dotted; border-top-width: 2px;\" \/>\n<p><div class=\"printfriendly pf-button  pf-alignright\"><a href=\"https:\/\/asszert.de\/?page_id=46&amp;pfstyle=wp\" rel=\"nofollow\"  title=\"Printer Friendly, PDF & Email\"><img decoding=\"async\" class=\"pf-button-img\" src=\"https:\/\/cdn.printfriendly.com\/buttons\/print-button-gray.png\" alt=\"Print Friendly, PDF & Email\" style=\"width: 66px;height: 24px;\"  \/><\/a><\/div><span style=\"color: #808080;\"><a style=\"color: #808080;\" href=\"https:\/\/asszert.de\">Willkommen<\/a><\/span>\u00a0&gt;\u00a0<a href=\"https:\/\/asszert.de\/?page_id=46\">Unsere Qualit\u00e4tspolitik<\/a><\/p>\n<hr class=\"ttfmake-hr\" style=\"border-style: dotted; border-top-width: 2px;\" \/>\n\t\t\t\t\t<\/div>\n<\/p><\/div>\n<\/p><\/div>\n<\/p><\/div>\n<\/section>\n<section id=\"builder-section-1431299423041\" class=\"builder-section-prev-text builder-section builder-section-text builder-section-last builder-text-columns-1\" style=\"background-repeat: repeat;background-position: center center;\">\n<div class=\"builder-section-content\">\n<div class=\"builder-text-row\">\n<div class=\"builder-text-column builder-text-column-1\" id=\"builder-section-1431299423041-column-1\">\n<div class=\"builder-text-content\">\n<div class=\"page\" title=\"Page 1\">\n<div class=\"layoutArea\">\n<div class=\"column\">\n<p style=\"text-align: justify;\">Die AssZert Zertifizierungsgesellschaft mbH ist ein Dienstleistungsunternehmen und f\u00fchrt die Pr\u00fcfung und Zertifizierung von Unternehmungen im Hinblick auf nationale und internationale Managementsystem- und Organisationsnormen durch. Wichtigste Grundlage ist dabei der partnerschaftliche Dialog mit dem Kunden. Unser Ziel ist es, ein h\u00f6chstm\u00f6gliches Ma\u00df an Qualit\u00e4t und Neutralit\u00e4t zu erreichen und stets die Unparteilichkeit und Objektivit\u00e4t zu wahren.<\/p>\n<p style=\"text-align: justify;\">Die Erf\u00fcllung der festgelegten Kundenanforderungen ist unsere Verpflichtung. Dabei bleiben wir nicht stehen: St\u00e4ndige Verbesserung und Weiterentwicklung unserer Leistungen sind die Herausforderungen, denen wir uns stellen. Durch ein konsequentes Qualit\u00e4tsmanagement, durch eine sorgf\u00e4ltige Fort- und Weiterbildung (intern wie extern) der Mitarbeiter und eingesetzten Auditoren, vor allem aber durch langj\u00e4hrige Erfahrung schaffen wir hierzu die Grundlagen als Basis des Vertrauens mit unseren Kunden.<\/p>\n<p style=\"text-align: justify;\">Die AssZert Zertifizierungsgesellschaft mbH erzeugt die Qualit\u00e4t der T\u00e4tigkeiten durch organisierte Prozesse. Alle qualit\u00e4tsrelevanten T\u00e4tigkeiten und Prozesse, die direkt oder indirekt mit der Erf\u00fcllung der Kundenforderungen verbunden sind, werden durch das Qualit\u00e4tsmanagementsystem geregelt, das im Qualit\u00e4tsmanagementhandbuch dokumentiert ist. Die dort getroffenen Regelungen sind verbindliche Anweisungen f\u00fcr alle in das Qualit\u00e4tsmanagementsystem der AssZert Zertifizierungsgesellschaft mbH einbezogenen Organisationseinheiten.<\/p>\n<p style=\"text-align: justify;\">Zuverl\u00e4ssigkeit, Loyalit\u00e4t und Verschwiegenheit, Motivation, Flexibilit\u00e4t, betriebswirtschaftliche Interpretation der Regelwerke und Leistungsbereitschaft sind die Voraussetzungen f\u00fcr unsere Dienstleistung. Dies gilt f\u00fcr die Zusammenarbeit mit unseren Kunden wie auch mit unseren Auftragnehmern sowie f\u00fcr unsere interne Kooperation.<\/p>\n<p style=\"font-weight: 400;\">Die AssZert Zertifizierungsgesellschaft mbH arbeitet nach den nationalen und internationalen Normen\/Regelwerken, die den jeweiligen Zertifizierungsverfahren zugrunde gelegt werden.<\/p>\n<p style=\"font-weight: 400;\">Neben dieser Kundenorientierung ist die Ber\u00fccksichtigung der Bed\u00fcrfnisse derjenigen, die sich auf die Dienstleistungen von der AssZert Zertifizierungsgesellschaft mbH verlassen, integraler Bestandteil unseres Strebens.<\/p>\n<div class=\"page\" title=\"Page 2\">\n<div class=\"layoutArea\">\n<div class=\"column\">\n<p style=\"text-align: justify;\">Insbesondere verpflichtet sich die AssZert Zertifizierungsgesellschaft mbH keine Leistungen zu erbringen, die ihre Unparteilichkeit in Frage stellen.<\/p>\n<p style=\"text-align: justify;\">Dar\u00fcber hinaus sind alle Mitarbeiter &#8211; interne wie externe &#8211; verpflichtet, jede ihnen bekannte Situation offen zu legen, die\u00a0sie\u00a0selbst oder AssZert vor Interessenkonflikte stellen k\u00f6nnte.<\/p>\n<p style=\"text-align: justify;\">Demzufolge gelten folgende Ziele:<\/p>\n<ul style=\"text-align: justify;\">\n<li>die Verfahren diskriminierungsfrei zu gestalten<\/li>\n<li>die Verfahren diskriminierungsfrei anzuwenden<\/li>\n<li>die Dienstleistungen allen Interessenten im Rahmen der Branchenkompetenz zur Verf\u00fcgung zu stellen<\/li>\n<li>die jeweils aktuelle Geb\u00fchrenordnung anzuwenden<\/li>\n<li>die Verfahren im Rahmen der Festlegungen durchzuf\u00fchren &#8211; insbesondere\u00a0weder zu beschleunigen noch zu verz\u00f6gern<\/li>\n<li>die Glaubw\u00fcrdigkeit der Leistungen bei der Entwicklung der internen\u00a0Organisation zu ber\u00fccksichtigen und zu f\u00f6rdern.<\/li>\n<\/ul>\n<p style=\"text-align: justify;\">Neben dieser Kundenorientierung ist die Ber\u00fccksichtigung der Bed\u00fcrfnisse derjenigen, die sich auf die Dienstleistungen von der AssZert Zertifizierungs- gesellschaft mbH verlassen, integraler Bestandteil unseres Strebens.<\/p>\n<p style=\"text-align: justify;\">Diese Innovationsbereitschaft ist unsere Grundlage, sich den zeitlichen Anforderungen zu stellen.<\/p>\n<p style=\"text-align: justify;\">Wir verpflichten uns und alle in das Qualit\u00e4tsmanagement einbezogenen Mitarbeiter, in diesem Sinne Qualit\u00e4t zu erzeugen &#8211; als Basis des Vertrauens.<\/p>\n<p>Hattingen, im Oktober 2023<\/p>\n<p style=\"text-align: center;\">Helmut Rademacher, Gesch\u00e4ftsf\u00fchrer<\/p>\n<\/div>\n<\/div>\n<\/div>\n<\/div>\n<\/div>\n<\/div><\/div>\n<\/p><\/div>\n<\/p><\/div>\n<\/p><\/div>\n<\/section>\n","protected":false},"excerpt":{"rendered":"<p>Willkommen\u00a0&gt;\u00a0Unsere Qualit\u00e4tspolitik Die AssZert Zertifizierungsgesellschaft mbH ist ein Dienstleistungsunternehmen und f\u00fchrt die Pr\u00fcfung und Zertifizierung von Unternehmungen im Hinblick auf nationale und internationale Managementsystem- und Organisationsnormen durch. Wichtigste Grundlage ist dabei der partnerschaftliche Dialog mit dem Kunden. Unser Ziel ist es, ein h\u00f6chstm\u00f6gliches Ma\u00df an Qualit\u00e4t und Neutralit\u00e4t zu erreichen und stets die Unparteilichkeit und &hellip;<\/p>\n","protected":false},"author":1,"featured_media":0,"parent":34,"menu_order":0,"comment_status":"closed","ping_status":"closed","template":"template-builder.php","meta":{"footnotes":""},"class_list":["post-46","page","type-page","status-publish","hentry"],"_links":{"self":[{"href":"https:\/\/asszert.de\/index.php?rest_route=\/wp\/v2\/pages\/46"}],"collection":[{"href":"https:\/\/asszert.de\/index.php?rest_route=\/wp\/v2\/pages"}],"about":[{"href":"https:\/\/asszert.de\/index.php?rest_route=\/wp\/v2\/types\/page"}],"author":[{"embeddable":true,"href":"https:\/\/asszert.de\/index.php?rest_route=\/wp\/v2\/users\/1"}],"replies":[{"embeddable":true,"href":"https:\/\/asszert.de\/index.php?rest_route=%2Fwp%2Fv2%2Fcomments&post=46"}],"version-history":[{"count":9,"href":"https:\/\/asszert.de\/index.php?rest_route=\/wp\/v2\/pages\/46\/revisions"}],"predecessor-version":[{"id":1108,"href":"https:\/\/asszert.de\/index.php?rest_route=\/wp\/v2\/pages\/46\/revisions\/1108"}],"up":[{"embeddable":true,"href":"https:\/\/asszert.de\/index.php?rest_route=\/wp\/v2\/pages\/34"}],"wp:attachment":[{"href":"https:\/\/asszert.de\/index.php?rest_route=%2Fwp%2Fv2%2Fmedia&parent=46"}],"curies":[{"name":"wp","href":"https:\/\/api.w.org\/{rel}","templated":true}]}}