{"id":40,"date":"2015-05-11T01:04:57","date_gmt":"2015-05-10T23:04:57","guid":{"rendered":"http:\/\/asszert.de\/?page_id=40"},"modified":"2023-10-01T13:16:43","modified_gmt":"2023-10-01T11:16:43","slug":"40-2","status":"publish","type":"page","link":"https:\/\/asszert.de\/?page_id=40","title":{"rendered":"Wir stellen uns vor"},"content":{"rendered":"<section id=\"builder-section-1431298866464\" class=\"builder-section-first builder-section builder-section-text builder-section-next-text builder-text-columns-1\" style=\"background-size: cover; background-repeat: no-repeat;background-position: center center;\">\n<div class=\"builder-section-content\">\n<div class=\"builder-text-row\">\n<div class=\"builder-text-column builder-text-column-1\" id=\"builder-section-1431298866464-column-1\">\n<div class=\"builder-text-content\">\n<hr class=\"ttfmake-hr\" style=\"border-style: dotted; border-top-width: 2px;\" \/>\n<p><div class=\"printfriendly pf-button  pf-alignright\"><a href=\"https:\/\/asszert.de\/?page_id=40&amp;pfstyle=wp\" rel=\"nofollow\"  title=\"Printer Friendly, PDF & Email\"><img decoding=\"async\" class=\"pf-button-img\" src=\"https:\/\/cdn.printfriendly.com\/buttons\/print-button-gray.png\" alt=\"Print Friendly, PDF & Email\" style=\"width: 66px;height: 24px;\"  \/><\/a><\/div><span style=\"color: #808080;\"><a style=\"color: #808080;\" href=\"https:\/\/asszert.de\/\">Willkommen<\/a><\/span>\u00a0&gt;\u00a0<a href=\"https:\/\/asszert.de\/?page_id=40\">Wir stellen uns vor<\/a><\/p>\n<hr class=\"ttfmake-hr\" style=\"border-style: dotted; border-top-width: 2px;\" \/>\n\t\t\t\t\t<\/div>\n<\/p><\/div>\n<\/p><\/div>\n<\/p><\/div>\n<\/section>\n<section id=\"builder-section-1431298892650\" class=\"builder-section-prev-text builder-section builder-section-text builder-section-next-text builder-text-columns-2 layout-6\" style=\"background-size: cover; background-repeat: no-repeat;background-position: center center;\">\n<div class=\"builder-section-content\">\n<div class=\"builder-text-row\">\n<div class=\"builder-text-column builder-text-column-1\" id=\"builder-section-1431298892650-column-1\">\n<div class=\"builder-text-content\">\n<p style=\"text-align: justify;\">Die AssZert Zertifizierungsgesellschaft mbH (AssZert) ist ein Unternehmen, das als Zweck die Pr\u00fcfung und Zertifizierung der Konformit\u00e4t von Management- und Organisationssystemen mit nationalen und internationalen Normen hat. Zu diesem Zweck werden Auditoren mit folgenden Fachdisziplinen eingesetzt:<\/p>\n<ul>\n<li style=\"text-align: justify;\">\u00c4rzte,<\/li>\n<li style=\"text-align: justify;\">Betriebs- und Volkswirte,<\/li>\n<li style=\"text-align: justify;\">Ingenieure,<\/li>\n<li style=\"text-align: justify;\">Naturwissenschaftler sowie<\/li>\n<li style=\"text-align: justify;\">Wirtschaftsingenieure.<\/li>\n<\/ul>\n<p style=\"text-align: justify;\">Dabei ist\u00a0AssZert ein Dienstleistungsunternehmen. Wichtigste Grundlage ist dabei der partnerschaftliche Dialog mit dem Kunden. Unser Ziel ist es, ein h\u00f6chstm\u00f6gliches Ma\u00df an Qualit\u00e4t und Neutralit\u00e4t zu erreichen und stets die Unparteilichkeit und Objektivit\u00e4t zu wahren. Um dem gerecht zu werden, verpflichtet sich die AssZert im Rahmen Ihrer\u00a0<a href=\"http:\/\/asszert.de\/?page_id=46\">Qualit\u00e4tspolitik<\/a>\u00a0zur st\u00e4ndigen Verbesserung und Weiterentwicklung Ihrer Leistungen.<\/p>\n<\/p><\/div>\n<\/p><\/div>\n<div class=\"builder-text-column builder-text-column-2\" id=\"builder-section-1431298892650-column-2\">\n<div class=\"builder-text-content\">\n<p style=\"text-align: justify;\">AssZert ist\u00a0f\u00fcr die Bereiche\u00a0<\/p>\n<ul>\n<li>Qualit\u00e4tsmanagementsysteme (QMS),<\/li>\n<li>Umweltmanagementsysteme (UMS),<\/li>\n<li>Energiemanagementsysteme (EnMS) und<\/li>\n<li>Arbeits- und Gesundheitsschutzmanagementsysteme (SGAMS)<\/li>\n<\/ul>\n<p>gem\u00e4\u00df den aufgef\u00fchrten\u00a0<a href=\"http:\/\/asszert.de\/?page_id=49\">Branchenscopes<\/a> qualifiziert.<\/p>\n<hr class=\"ttfmake-hr\" style=\"border-style: solid; border-top-width: 1px;\" \/>\n<p>Die AssZert ist eine von der <a href=\"https:\/\/www.globalwindsafety.org\" target=\"_blank\" rel=\"noopener\">Global Wind Organisation (GWO)<\/a> zugelassene Zertifizierungsstelle.<\/p>\n<\/p><\/div>\n<\/p><\/div>\n<\/p><\/div>\n<\/p><\/div>\n<\/section>\n<section id=\"builder-section-1431299074445\" class=\"builder-section-prev-text builder-section builder-section-text builder-section-last builder-text-columns-1\" style=\"background-size: cover; background-repeat: no-repeat;background-position: center center;\">\n<div class=\"builder-section-content\">\n<div class=\"builder-text-row\">\n<div class=\"builder-text-column builder-text-column-1\" id=\"builder-section-1431299074445-column-1\">\n<div class=\"builder-text-content\">\n<hr class=\"ttfmake-hr\" style=\"border-style: solid; border-top-width: 1px;\" \/>\n<p style=\"text-align: justify;\">Ausschluss: Das Unternehmen AssZert wird keine Systemzertifizierung durchf\u00fchren, in denen ein Beratungsprojekt zur Einf\u00fchrung eines gleichartigen Managementsystems\u00a0durch verbundene Unternehmen (insbesondere\u00a0<a href=\"http:\/\/www.rcm-gmbh.de\" target=\"_blank\" rel=\"noopener\">R CONSULT Managementberatung GmbH<\/a>) abgewickelt wird oder wurde.<\/p>\n<\/p><\/div>\n<\/p><\/div>\n<\/p><\/div>\n<\/p><\/div>\n<\/section>\n","protected":false},"excerpt":{"rendered":"<p>Willkommen\u00a0&gt;\u00a0Wir stellen uns vor Die AssZert Zertifizierungsgesellschaft mbH (AssZert) ist ein Unternehmen, das als Zweck die Pr\u00fcfung und Zertifizierung der Konformit\u00e4t von Management- und Organisationssystemen mit nationalen und internationalen Normen hat. Zu diesem Zweck werden Auditoren mit folgenden Fachdisziplinen eingesetzt: \u00c4rzte, Betriebs- und Volkswirte, Ingenieure, Naturwissenschaftler sowie Wirtschaftsingenieure. Dabei ist\u00a0AssZert ein Dienstleistungsunternehmen. Wichtigste Grundlage ist &hellip;<\/p>\n","protected":false},"author":1,"featured_media":0,"parent":34,"menu_order":0,"comment_status":"closed","ping_status":"closed","template":"template-builder.php","meta":{"footnotes":""},"class_list":["post-40","page","type-page","status-publish","hentry"],"_links":{"self":[{"href":"https:\/\/asszert.de\/index.php?rest_route=\/wp\/v2\/pages\/40"}],"collection":[{"href":"https:\/\/asszert.de\/index.php?rest_route=\/wp\/v2\/pages"}],"about":[{"href":"https:\/\/asszert.de\/index.php?rest_route=\/wp\/v2\/types\/page"}],"author":[{"embeddable":true,"href":"https:\/\/asszert.de\/index.php?rest_route=\/wp\/v2\/users\/1"}],"replies":[{"embeddable":true,"href":"https:\/\/asszert.de\/index.php?rest_route=%2Fwp%2Fv2%2Fcomments&post=40"}],"version-history":[{"count":21,"href":"https:\/\/asszert.de\/index.php?rest_route=\/wp\/v2\/pages\/40\/revisions"}],"predecessor-version":[{"id":1091,"href":"https:\/\/asszert.de\/index.php?rest_route=\/wp\/v2\/pages\/40\/revisions\/1091"}],"up":[{"embeddable":true,"href":"https:\/\/asszert.de\/index.php?rest_route=\/wp\/v2\/pages\/34"}],"wp:attachment":[{"href":"https:\/\/asszert.de\/index.php?rest_route=%2Fwp%2Fv2%2Fmedia&parent=40"}],"curies":[{"name":"wp","href":"https:\/\/api.w.org\/{rel}","templated":true}]}}