{"id":34,"date":"2015-05-11T00:59:14","date_gmt":"2015-05-10T22:59:14","guid":{"rendered":"http:\/\/asszert.de\/?page_id=34"},"modified":"2023-10-01T13:14:36","modified_gmt":"2023-10-01T11:14:36","slug":"willkommen","status":"publish","type":"page","link":"https:\/\/asszert.de\/","title":{"rendered":"Willkommen"},"content":{"rendered":"<section id=\"builder-section-1431298649461\" class=\"builder-section-first builder-section builder-section-banner builder-section-next-text\" style=\"background-repeat: repeat;background-position: center center;\">\n<div class=\"builder-section-content\">\n<div class=\"builder-banner-slide content-position-none\" style=\"background-image: url(&#039;http:\/\/asszert.de\/wp-content\/uploads\/2015\/05\/H0-Willkommen.jpg&#039;);\">\n<div class=\"builder-banner-content\">\n<div class=\"builder-banner-inner-content\">\n\t\t\t\t\t\t\t\t\t<\/div>\n<\/p><\/div>\n<\/p><\/div>\n<\/p><\/div>\n<\/section>\n<section id=\"builder-section-1431298679214\" class=\"builder-section-prev-banner builder-section builder-section-text builder-section-next-postlist builder-text-columns-1\" style=\"background-repeat: repeat;background-position: center center;\">\n<div class=\"builder-section-content\">\n<div class=\"builder-text-row\">\n<div class=\"builder-text-column builder-text-column-1\" id=\"builder-section-1431298679214-column-1\">\n<div class=\"builder-text-content\">\n<p style=\"text-align: center;\"><cite>\u201cEine Zertifizierung kann zwar komplex, muss aber nicht kompliziert sein.\u201d<\/cite><\/p>\n<p style=\"text-align: justify;\">Getreu diesem Motto\u00a0wollen wir Ihnen\u00a0einen\u00a0<a href=\"http:\/\/asszert.de\/?page_id=40\">Einblick<\/a>\u00a0in unser Unternehmen geben und Ihnen den Zertifizierungsprozess erl\u00e4utern. Lernen\u00a0Sie mehr \u00fcber unsere\u00a0<a href=\"http:\/\/asszert.de\/?page_id=49\">T\u00e4tigkeitsfelder<\/a>, holen Sie sich ein\u00a0<a href=\"http:\/\/asszert.de\/?page_id=66\">Angebot<\/a>\u00a0ein, erfahren Sie Aktuelles in unseren <a href=\"http:\/\/asszert.de\/?page_id=208\">Neuigkeiten<\/a> (beispielsweise zum <strong><a href=\"http:\/\/asszert.de\/?p=757\">Seminar zur neuen Norm DIN ISO 45001:2018<\/a><\/strong>) oder lernen Sie die in unseren Gesch\u00e4ftsr\u00e4umen ausstellenden\u00a0<a href=\"http:\/\/asszert.de\/?page_id=75\">K\u00fcnstler<\/a>\u00a0kennen.<\/p>\n<p style=\"text-align: justify;\">Falls Sie noch weitere Fragen an uns haben sollten, nehmen\u00a0Sie doch direkten\u00a0<a href=\"http:\/\/asszert.de\/?page_id=73\">Kontakt<\/a>\u00a0mit uns auf. Wir stehen\u00a0Ihnen nat\u00fcrlich auch gerne pers\u00f6nlich zur Verf\u00fcgung.<\/p>\n<p style=\"text-align: left;\">Mit freundlichen Gr\u00fc\u00dfen Ihr\u00a0Team von<\/p>\n<p style=\"text-align: left;\"><img loading=\"lazy\" decoding=\"async\" class=\"alignleft wp-image-204\" src=\"http:\/\/asszert.de\/wp-content\/uploads\/2015\/05\/AssZert-Logo-large-300x98.jpg\" alt=\"AssZert-Logo-large\" width=\"196\" height=\"64\" srcset=\"https:\/\/asszert.de\/wp-content\/uploads\/2015\/05\/AssZert-Logo-large-300x98.jpg 300w, https:\/\/asszert.de\/wp-content\/uploads\/2015\/05\/AssZert-Logo-large.jpg 400w\" sizes=\"(max-width: 196px) 100vw, 196px\" \/><\/p>\n<p style=\"text-align: left;\">\u00a0<\/p>\n<\/p><\/div>\n<\/p><\/div>\n<\/p><\/div>\n<div class=\"builder-text-row\">\n<div class=\"builder-text-column builder-text-column-2\" id=\"builder-section-1431298679214-column-1\">\n<div class=\"builder-text-content\">\n<p><span style=\"color: #ffffff;\">.<\/span><\/p>\n<hr class=\"ttfmake-hr\" style=\"border-style: solid; border-top-width: 1px;\" \/>\n<p>Unsere letzten Nachrichten (weitere finden Sie im Bereich <a href=\"http:\/\/asszert.de\/?page_id=208\">Neuigkeiten<\/a>):<\/p>\n<\/p><\/div>\n<\/p><\/div>\n<\/p><\/div>\n<\/p><\/div>\n<\/section>\n<section id=\"builder-section-postlist_55\" class=\"builder-section-prev-text builder-section builder-section-postlist builder-section-next-text -mode\" style=\"background-size: cover; background-repeat: no-repeat;background-position: center center;\">\n<div class=\"builder-section-content container\">\n\t\t\t\t<div class=\"ttfmp-post-list columns-2 thumbnail-none has-excerpt ttfmp-section-paginated ttfmp-post-list-section-paginated\">\n\t\t\t\n\t\t\t\t\t\t\t\t\t\t\t\t\t\t\t\t\t\t\t\t\t<div class=\"ttfmp-post-list-row\">\n\t\t\t\t\t\t\t\t\t\t<div class=\"ttfmp-post-list-item\">\n\t\t\t\t\t\t\n<header class=\"ttfmp-post-list-item-header\">\n\t\t\t<h3 class=\"ttfmp-post-list-item-title\">\n\t\t<a href=\"https:\/\/asszert.de\/?p=1052\">\n\t\t\tDie neue Norm DIN ISO 50003:2022\t\t<\/a>\n\t<\/h3>\n\t\t\t<span class=\"ttfmp-post-list-item-date\">\n\t\t<a href=\"https:\/\/asszert.de\/?p=1052\" rel=\"bookmark\">\n\t\t\t09\/10\/2022\t\t<\/a>\n\t<\/span>\n\t<\/header>\n<div class=\"ttfmp-post-list-item-content\">\n\t<p>Die neue Norm ersetzt ab sofort die \u201ealte\u201c DIN ISO 50003 von 2016. Sie wendet sich an Zertifizierungsstellen, die nun einige \u00c4nderungen zu beachten haben. Wichtig hierbei ist, dass die Anforderungen der 2022er Version bis sp\u00e4testens 30.11.2023 verbindlich umzusetzen sind, da dann die \u00dcbergangsfrist zur Einf\u00fchrung der DIN ISO 50003:2022&hellip; <a class=\"more-link\" href=\"https:\/\/asszert.de\/?p=1052\">Weiterlesen<\/a><\/p>\n<\/div>\n\t\t\t\t\t<\/div>\n\t\t\t\t\t\t\t\t\t\t\t\t\t\t\t\t\t\t\t\t\t\t\t\t\t\t\t\t\t\t\t\t\t<div class=\"ttfmp-post-list-item last\">\n\t\t\t\t\t\t\n<header class=\"ttfmp-post-list-item-header\">\n\t\t\t<h3 class=\"ttfmp-post-list-item-title\">\n\t\t<a href=\"https:\/\/asszert.de\/?p=1027\">\n\t\t\tWie bringt ein Unternehmen Agilit\u00e4t und das interne QM-System zusammen?\t\t<\/a>\n\t<\/h3>\n\t\t\t<span class=\"ttfmp-post-list-item-date\">\n\t\t<a href=\"https:\/\/asszert.de\/?p=1027\" rel=\"bookmark\">\n\t\t\t29\/03\/2021\t\t<\/a>\n\t<\/span>\n\t<\/header>\n<div class=\"ttfmp-post-list-item-content\">\n\t<p>Agilit\u00e4t im Unternehmen Agil zu sein bedeutet im Unternehmen, nicht nur stur nach \u201eSchema F\u201c zu arbeiten \u2013 sondern offen, flexibel, kreativ und innovativ zu sein und sich den Marktanforderungen stetig anzupassen. Das verlangt von den F\u00fchrungskr\u00e4ften und den \u201eQualit\u00e4tern\u201c eine Kultur der schnellen Bereitschaft f\u00fcr Ver\u00e4nderungen. Besondere Bedeutung kommt&hellip; <a class=\"more-link\" href=\"https:\/\/asszert.de\/?p=1027\">Weiterlesen<\/a><\/p>\n<\/div>\n\t\t\t\t\t<\/div>\n\t\t\t\t\t\t\t\t\t\t\t<\/div>\n\t\t\t\t\t\t\t\t\t\t\t\t\t\t\t\t\t\t\t\n\t\t\t\n\n\t\t\t\n\t\t\t\t\t<\/div>\n\t\t\n\t<\/div>\n<\/section>\n<section id=\"builder-section-text_69\" class=\"builder-section-prev-postlist builder-section builder-section-text builder-section-last builder-text-columns-1\" style=\"background-size: cover; background-repeat: no-repeat;background-position: center center;\">\n<div class=\"builder-section-content\">\n<div class=\"builder-text-row\">\n<div class=\"builder-text-column builder-text-column-1\" id=\"builder-section-text_69-column-1\">\n<div class=\"builder-text-content\">\n<p>weitere\u00a0<a href=\"http:\/\/asszert.de\/?page_id=208\">Neuigkeiten<\/a>&#8230;<\/p>\n<\/p><\/div>\n<\/p><\/div>\n<\/p><\/div>\n<\/p><\/div>\n<\/section>\n","protected":false},"excerpt":{"rendered":"<p>\u201cEine Zertifizierung kann zwar komplex, muss aber nicht kompliziert sein.\u201d Getreu diesem Motto\u00a0wollen wir Ihnen\u00a0einen\u00a0Einblick\u00a0in unser Unternehmen geben und Ihnen den Zertifizierungsprozess erl\u00e4utern. Lernen\u00a0Sie mehr \u00fcber unsere\u00a0T\u00e4tigkeitsfelder, holen Sie sich ein\u00a0Angebot\u00a0ein, erfahren Sie Aktuelles in unseren Neuigkeiten (beispielsweise zum Seminar zur neuen Norm DIN ISO 45001:2018) oder lernen Sie die in unseren Gesch\u00e4ftsr\u00e4umen ausstellenden\u00a0K\u00fcnstler\u00a0kennen. Falls &hellip;<\/p>\n","protected":false},"author":1,"featured_media":0,"parent":0,"menu_order":0,"comment_status":"closed","ping_status":"closed","template":"template-builder.php","meta":{"footnotes":""},"class_list":["post-34","page","type-page","status-publish","hentry"],"_links":{"self":[{"href":"https:\/\/asszert.de\/index.php?rest_route=\/wp\/v2\/pages\/34"}],"collection":[{"href":"https:\/\/asszert.de\/index.php?rest_route=\/wp\/v2\/pages"}],"about":[{"href":"https:\/\/asszert.de\/index.php?rest_route=\/wp\/v2\/types\/page"}],"author":[{"embeddable":true,"href":"https:\/\/asszert.de\/index.php?rest_route=\/wp\/v2\/users\/1"}],"replies":[{"embeddable":true,"href":"https:\/\/asszert.de\/index.php?rest_route=%2Fwp%2Fv2%2Fcomments&post=34"}],"version-history":[{"count":25,"href":"https:\/\/asszert.de\/index.php?rest_route=\/wp\/v2\/pages\/34\/revisions"}],"predecessor-version":[{"id":1090,"href":"https:\/\/asszert.de\/index.php?rest_route=\/wp\/v2\/pages\/34\/revisions\/1090"}],"wp:attachment":[{"href":"https:\/\/asszert.de\/index.php?rest_route=%2Fwp%2Fv2%2Fmedia&parent=34"}],"curies":[{"name":"wp","href":"https:\/\/api.w.org\/{rel}","templated":true}]}}