{"id":323,"date":"2016-09-30T21:44:36","date_gmt":"2016-09-30T19:44:36","guid":{"rendered":"http:\/\/asszert.de\/?page_id=323"},"modified":"2020-01-12T19:31:31","modified_gmt":"2020-01-12T18:31:31","slug":"zeichennutzung","status":"publish","type":"page","link":"https:\/\/asszert.de\/?page_id=323","title":{"rendered":"Zeichennutzung"},"content":{"rendered":"<section id=\"builder-section-1475263057315\" class=\"builder-section-first builder-section builder-section-text builder-section-next-text builder-text-columns-1\" style=\"background-repeat: repeat;background-position: center center;\">\n<div class=\"builder-section-content\">\n<div class=\"builder-text-row\">\n<div class=\"builder-text-column builder-text-column-1\" id=\"builder-section-1475263057315-column-1\">\n<div class=\"builder-text-content\">\n<hr class=\"ttfmake-hr\" style=\"border-style: dotted; border-top-width: 2px;\" \/>\n<p><div class=\"printfriendly pf-button  pf-alignright\"><a href=\"https:\/\/asszert.de\/?page_id=323&amp;pfstyle=wp\" rel=\"nofollow\"  title=\"Printer Friendly, PDF & Email\"><img decoding=\"async\" class=\"pf-button-img\" src=\"https:\/\/cdn.printfriendly.com\/buttons\/print-button-gray.png\" alt=\"Print Friendly, PDF & Email\" style=\"width: 66px;height: 24px;\"  \/><\/a><\/div><span style=\"color: #808080;\"><a style=\"color: #808080;\" href=\"https:\/\/asszert.de\/\">Willkommen<\/a><\/span>\u00a0&gt;\u00a0<a href=\"https:\/\/asszert.de\/?page_id=323\">Zeichennutzung<\/a><\/p>\n<hr class=\"ttfmake-hr\" style=\"border-style: dotted; border-top-width: 2px;\" \/>\n<p>Von AssZert erfolgreich zertifizierte Unternehmen d\u00fcrfen das Zertifikat und das Zertifikatssymbol im G\u00fcltigkeitszeitraum der Zertifizierung f\u00fcr werbliche Zwecke verwenden; dies jedoch nur unter eindeutiger Angabe der zertifizierten Bereiche, des zertifizierten Leistungsspektrums \/ Geltungsbereichs sowie der Beachtung des zivilrechtlichen Nutzungsrechts. Die Verwendung des Zertifikates und des Zertifikatssymbols darf nicht in irref\u00fchrender Form verwendet oder mit irref\u00fchrenden Angaben erfolgen; z.\u00a0B. nicht in direktem Zusammenhang mit den Produkten bzw. der Dienstleistung, die das Unternehmen erzeugt oder vertreibt. Insbesondere darf nicht der Eindruck entstehen, dass ein Erzeugnis oder eine Dienstleistung selbst zertifiziert wurde.<\/p>\n<p>Es k\u00f6nnen folgende Zeichen der AssZert verwendet werden:<\/p>\n<\/p><\/div>\n<\/p><\/div>\n<\/p><\/div>\n<\/p><\/div>\n<\/section>\n<section id=\"builder-section-1475264297735\" class=\"builder-section-prev-text builder-section builder-section-text builder-section-next-text builder-text-columns-1\" style=\"background-repeat: repeat;background-position: center center;\">\n<div class=\"builder-section-content\">\n<div class=\"builder-text-row\">\n<div class=\"builder-text-column builder-text-column-1\" id=\"builder-section-1475264297735-column-1\">\n<div class=\"builder-text-content\">\n<p><img loading=\"lazy\" decoding=\"async\" class=\"size-medium wp-image-324 aligncenter\" src=\"http:\/\/asszert.de\/wp-content\/uploads\/2016\/09\/Untitled-1-300x134.jpg\" alt=\"untitled-1\" width=\"300\" height=\"134\" srcset=\"https:\/\/asszert.de\/wp-content\/uploads\/2016\/09\/Untitled-1-300x134.jpg 300w, https:\/\/asszert.de\/wp-content\/uploads\/2016\/09\/Untitled-1.jpg 358w\" sizes=\"(max-width: 300px) 100vw, 300px\" \/><\/p>\n<\/p><\/div>\n<\/p><\/div>\n<\/p><\/div>\n<\/p><\/div>\n<\/section>\n<section id=\"builder-section-1475264366527\" class=\"builder-section-prev-text builder-section builder-section-text builder-section-last builder-text-columns-1\" style=\"background-repeat: repeat;background-position: center center;\">\n<div class=\"builder-section-content\">\n<div class=\"builder-text-row\">\n<div class=\"builder-text-column builder-text-column-1\" id=\"builder-section-1475264366527-column-1\">\n<div class=\"builder-text-content\">\n<p>Oder klicken Sie\u00a0<a href=\"http:\/\/asszert.de\/wp-content\/uploads\/2018\/10\/Zertifikat_843_1_18_Holthaus_V04.pdf\" target=\"_blank\" rel=\"noopener noreferrer\">hier<\/a>\u00a0f\u00fcr ein Beispiel einer AssZert-Zertifizierungsurkunde.<\/p>\n<\/p><\/div>\n<\/p><\/div>\n<\/p><\/div>\n<\/p><\/div>\n<\/section>\n","protected":false},"excerpt":{"rendered":"<p>Willkommen\u00a0&gt;\u00a0Zeichennutzung Von AssZert erfolgreich zertifizierte Unternehmen d\u00fcrfen das Zertifikat und das Zertifikatssymbol im G\u00fcltigkeitszeitraum der Zertifizierung f\u00fcr werbliche Zwecke verwenden; dies jedoch nur unter eindeutiger Angabe der zertifizierten Bereiche, des zertifizierten Leistungsspektrums \/ Geltungsbereichs sowie der Beachtung des zivilrechtlichen Nutzungsrechts. Die Verwendung des Zertifikates und des Zertifikatssymbols darf nicht in irref\u00fchrender Form verwendet oder mit &hellip;<\/p>\n","protected":false},"author":1,"featured_media":0,"parent":0,"menu_order":0,"comment_status":"closed","ping_status":"closed","template":"template-builder.php","meta":{"footnotes":""},"class_list":["post-323","page","type-page","status-publish","hentry"],"_links":{"self":[{"href":"https:\/\/asszert.de\/index.php?rest_route=\/wp\/v2\/pages\/323"}],"collection":[{"href":"https:\/\/asszert.de\/index.php?rest_route=\/wp\/v2\/pages"}],"about":[{"href":"https:\/\/asszert.de\/index.php?rest_route=\/wp\/v2\/types\/page"}],"author":[{"embeddable":true,"href":"https:\/\/asszert.de\/index.php?rest_route=\/wp\/v2\/users\/1"}],"replies":[{"embeddable":true,"href":"https:\/\/asszert.de\/index.php?rest_route=%2Fwp%2Fv2%2Fcomments&post=323"}],"version-history":[{"count":8,"href":"https:\/\/asszert.de\/index.php?rest_route=\/wp\/v2\/pages\/323\/revisions"}],"predecessor-version":[{"id":963,"href":"https:\/\/asszert.de\/index.php?rest_route=\/wp\/v2\/pages\/323\/revisions\/963"}],"wp:attachment":[{"href":"https:\/\/asszert.de\/index.php?rest_route=%2Fwp%2Fv2%2Fmedia&parent=323"}],"curies":[{"name":"wp","href":"https:\/\/api.w.org\/{rel}","templated":true}]}}