{"id":243,"date":"2015-05-11T02:07:13","date_gmt":"2015-05-11T00:07:13","guid":{"rendered":"http:\/\/asszert.de\/?page_id=71"},"modified":"2020-08-16T22:58:32","modified_gmt":"2020-08-16T20:58:32","slug":"kontakt-service-2","status":"publish","type":"page","link":"https:\/\/asszert.de\/?page_id=243","title":{"rendered":"Kontakt &#038; Hinweise"},"content":{"rendered":"<section id=\"builder-section-1431302339231\" class=\"builder-section-first builder-section builder-section-banner builder-section-next-text\" style=\"background-repeat: repeat;background-position: center center;\">\n<div class=\"builder-section-content\">\n<div class=\"builder-banner-slide content-position-none\" style=\"background-image: url(&#039;http:\/\/asszert.de\/wp-content\/uploads\/2015\/05\/H0-Kontakt.jpg&#039;);\">\n<div class=\"builder-banner-content\">\n<div class=\"builder-banner-inner-content\">\n\t\t\t\t\t\t\t\t\t<\/div>\n<\/p><\/div>\n<\/p><\/div>\n<\/p><\/div>\n<\/section>\n<section id=\"builder-section-1431302357858\" class=\"builder-section-prev-banner builder-section builder-section-text builder-section-last builder-text-columns-1\" style=\"background-repeat: repeat;background-position: center center;\">\n<div class=\"builder-section-content\">\n<div class=\"builder-text-row\">\n<div class=\"builder-text-column builder-text-column-1\" id=\"builder-section-1431302357858-column-1\">\n<div class=\"builder-text-content\">\n<p style=\"text-align: justify;\">Sie haben noch Fragen? Unter <a href=\"http:\/\/asszert.de\/?page_id=73\">Kontakt<\/a> finden Sie alle unsere Daten.<\/p>\n<p>Sie haben weitere Anmerkungen? Unter <a href=\"http:\/\/asszert.de\/?page_id=81\">Einspr\u00fcche\/Beschwerden<\/a> nehmen wir diese gern entgegen.<\/p>\n<p>Sie wollen wirklich das Kleingedruckte lesen? Dieses finden Sie in den <a href=\"http:\/\/asszert.de\/?page_id=83\">rechtlichen Hinweisen<\/a>.<\/p>\n<p>Sie wollen sich \u00fcber unseren Datenschutz und mehr informieren? Hier finden Sie unsere <a href=\"http:\/\/asszert.de\/?page_id=778\">Datenschutzerkl\u00e4rung.<\/a><\/p>\n<p>Sie m\u00f6chten wissen was unsere Gesch\u00e4ftsgrundlagen sind? Unsere <a href=\"http:\/\/asszert.de\/?page_id=983\">Allgemeinen Gesch\u00e4ftsbedingungen<\/a> haben wir zusammengefasst.<\/p>\n<p style=\"text-align: justify;\">Sie wollen unser\u00a0Impressum lesen? Das <a href=\"http:\/\/asszert.de\/?page_id=85\">Impressum<\/a> finden Sie hier.<\/p>\n<\/p><\/div>\n<\/p><\/div>\n<\/p><\/div>\n<\/p><\/div>\n<\/section>\n","protected":false},"excerpt":{"rendered":"<p>Sie haben noch Fragen? Unter Kontakt finden Sie alle unsere Daten. Sie haben weitere Anmerkungen? Unter Einspr\u00fcche\/Beschwerden nehmen wir diese gern entgegen. Sie wollen wirklich das Kleingedruckte lesen? Dieses finden Sie in den rechtlichen Hinweisen. Sie wollen sich \u00fcber unseren Datenschutz und mehr informieren? Hier finden Sie unsere Datenschutzerkl\u00e4rung. Sie m\u00f6chten wissen was unsere Gesch\u00e4ftsgrundlagen &hellip;<\/p>\n","protected":false},"author":1,"featured_media":0,"parent":0,"menu_order":0,"comment_status":"closed","ping_status":"closed","template":"template-builder.php","meta":{"footnotes":""},"class_list":["post-243","page","type-page","status-publish","hentry"],"_links":{"self":[{"href":"https:\/\/asszert.de\/index.php?rest_route=\/wp\/v2\/pages\/243"}],"collection":[{"href":"https:\/\/asszert.de\/index.php?rest_route=\/wp\/v2\/pages"}],"about":[{"href":"https:\/\/asszert.de\/index.php?rest_route=\/wp\/v2\/types\/page"}],"author":[{"embeddable":true,"href":"https:\/\/asszert.de\/index.php?rest_route=\/wp\/v2\/users\/1"}],"replies":[{"embeddable":true,"href":"https:\/\/asszert.de\/index.php?rest_route=%2Fwp%2Fv2%2Fcomments&post=243"}],"version-history":[{"count":6,"href":"https:\/\/asszert.de\/index.php?rest_route=\/wp\/v2\/pages\/243\/revisions"}],"predecessor-version":[{"id":989,"href":"https:\/\/asszert.de\/index.php?rest_route=\/wp\/v2\/pages\/243\/revisions\/989"}],"wp:attachment":[{"href":"https:\/\/asszert.de\/index.php?rest_route=%2Fwp%2Fv2%2Fmedia&parent=243"}],"curies":[{"name":"wp","href":"https:\/\/api.w.org\/{rel}","templated":true}]}}