{"id":208,"date":"2015-05-11T02:10:33","date_gmt":"2015-05-11T00:10:33","guid":{"rendered":"http:\/\/asszert.de\/?page_id=73"},"modified":"2018-10-20T11:34:09","modified_gmt":"2018-10-20T09:34:09","slug":"kontakt-2","status":"publish","type":"page","link":"https:\/\/asszert.de\/?page_id=208","title":{"rendered":"Neuigkeiten"},"content":{"rendered":"<section id=\"builder-section-1431302923918\" class=\"builder-section-first builder-section builder-section-text builder-section-next-postlist builder-text-columns-1\" style=\"background-repeat: repeat;background-position: center center;\">\n<div class=\"builder-section-content\">\n<div class=\"builder-text-row\">\n<div class=\"builder-text-column builder-text-column-1\" id=\"builder-section-1431302923918-column-1\">\n<div class=\"builder-text-content\">\n<hr class=\"ttfmake-hr\" style=\"border-style: dotted; border-top-width: 2px;\" \/>\n<p><div class=\"printfriendly pf-button  pf-alignright\"><a href=\"https:\/\/asszert.de\/?page_id=208&amp;pfstyle=wp\" rel=\"nofollow\"  title=\"Printer Friendly, PDF & Email\"><img decoding=\"async\" class=\"pf-button-img\" src=\"https:\/\/cdn.printfriendly.com\/buttons\/print-button-gray.png\" alt=\"Print Friendly, PDF & Email\" style=\"width: 66px;height: 24px;\"  \/><\/a><\/div><span style=\"color: #808080;\"><a style=\"color: #808080;\" href=\"http:\/\/asszert.de\/?page_id=71\">Neuigkeiten &amp; Service<\/a>\u00a0<span style=\"color: #000000;\">&gt;<\/span> <a href=\"http:\/\/asszert.de\/?page_id=208\">Neuigkeiten<\/a><\/span><\/p>\n<hr class=\"ttfmake-hr\" style=\"border-style: dotted; border-top-width: 2px;\" \/>\n<p style=\"text-align: center;\"><cite>&#8222;Erst die gute Nachricht: Es gibt keine schlechte. &#8211; Jetzt die schlechte: Die gute stimmt nicht.&#8220;\u00a0<\/cite>&#8211;\u00a0Karl-Heinz Karius<\/p>\n<\/p><\/div>\n<\/p><\/div>\n<\/p><\/div>\n<\/p><\/div>\n<\/section>\n<section id=\"builder-section-postlist_41\" class=\"builder-section-prev-text builder-section builder-section-postlist builder-section-last -mode\" style=\"background-size: cover; background-repeat: no-repeat;background-position: center center;\">\n<div class=\"builder-section-content container\">\n\t\t\t\t<div class=\"ttfmp-post-list columns-2 thumbnail-none has-excerpt\">\n\t\t\t\n\t\t\t\t\t\t\t\t\t\t\t\t\t\t\t\t\t\t\t\t\t<div class=\"ttfmp-post-list-row\">\n\t\t\t\t\t\t\t\t\t\t<div class=\"ttfmp-post-list-item\">\n\t\t\t\t\t\t\n<header class=\"ttfmp-post-list-item-header\">\n\t\t\t<h3 class=\"ttfmp-post-list-item-title\">\n\t\t<a href=\"https:\/\/asszert.de\/?p=1052\">\n\t\t\tDie neue Norm DIN ISO 50003:2022\t\t<\/a>\n\t<\/h3>\n\t\t\t<span class=\"ttfmp-post-list-item-date\">\n\t\t<a href=\"https:\/\/asszert.de\/?p=1052\" rel=\"bookmark\">\n\t\t\t09\/10\/2022\t\t<\/a>\n\t<\/span>\n\t<\/header>\n<div class=\"ttfmp-post-list-item-content\">\n\t<p>Die neue Norm ersetzt ab sofort die \u201ealte\u201c DIN ISO 50003 von 2016. Sie wendet sich an Zertifizierungsstellen, die nun einige \u00c4nderungen zu beachten haben. Wichtig hierbei ist, dass die Anforderungen der 2022er Version bis sp\u00e4testens 30.11.2023 verbindlich umzusetzen sind, da dann die \u00dcbergangsfrist zur Einf\u00fchrung der DIN ISO 50003:2022&hellip; <a class=\"more-link\" href=\"https:\/\/asszert.de\/?p=1052\">Weiterlesen<\/a><\/p>\n<\/div>\n\t\t\t\t\t<\/div>\n\t\t\t\t\t\t\t\t\t\t\t\t\t\t\t\t\t\t\t\t\t\t\t\t\t\t\t\t\t\t\t\t\t<div class=\"ttfmp-post-list-item last\">\n\t\t\t\t\t\t\n<header class=\"ttfmp-post-list-item-header\">\n\t\t\t<h3 class=\"ttfmp-post-list-item-title\">\n\t\t<a href=\"https:\/\/asszert.de\/?p=1027\">\n\t\t\tWie bringt ein Unternehmen Agilit\u00e4t und das interne QM-System zusammen?\t\t<\/a>\n\t<\/h3>\n\t\t\t<span class=\"ttfmp-post-list-item-date\">\n\t\t<a href=\"https:\/\/asszert.de\/?p=1027\" rel=\"bookmark\">\n\t\t\t29\/03\/2021\t\t<\/a>\n\t<\/span>\n\t<\/header>\n<div class=\"ttfmp-post-list-item-content\">\n\t<p>Agilit\u00e4t im Unternehmen Agil zu sein bedeutet im Unternehmen, nicht nur stur nach \u201eSchema F\u201c zu arbeiten \u2013 sondern offen, flexibel, kreativ und innovativ zu sein und sich den Marktanforderungen stetig anzupassen. Das verlangt von den F\u00fchrungskr\u00e4ften und den \u201eQualit\u00e4tern\u201c eine Kultur der schnellen Bereitschaft f\u00fcr Ver\u00e4nderungen. Besondere Bedeutung kommt&hellip; <a class=\"more-link\" href=\"https:\/\/asszert.de\/?p=1027\">Weiterlesen<\/a><\/p>\n<\/div>\n\t\t\t\t\t<\/div>\n\t\t\t\t\t\t\t\t\t\t\t<\/div>\n\t\t\t\t\t\t\t\t\t\t\t\t\t\t\t\t\t\t\t\t\t\t\t\t\t\t\t\t\t\t\t\t\t\t<div class=\"ttfmp-post-list-row\">\n\t\t\t\t\t\t\t\t\t\t<div class=\"ttfmp-post-list-item\">\n\t\t\t\t\t\t\n<header class=\"ttfmp-post-list-item-header\">\n\t\t\t<h3 class=\"ttfmp-post-list-item-title\">\n\t\t<a href=\"https:\/\/asszert.de\/?p=1025\">\n\t\t\tErfahrungen aus Zertifizierungsverfahren nach DIN ISO 45001:2018\t\t<\/a>\n\t<\/h3>\n\t\t\t<span class=\"ttfmp-post-list-item-date\">\n\t\t<a href=\"https:\/\/asszert.de\/?p=1025\" rel=\"bookmark\">\n\t\t\t04\/03\/2021\t\t<\/a>\n\t<\/span>\n\t<\/header>\n<div class=\"ttfmp-post-list-item-content\">\n\t<p>Im Jahr 2018 l\u00f6ste die DIN ISO 45001 die bis dahin angewendete Norm BS OHSAS 18001 f\u00fcr Managementsysteme zum Arbeits- und Gesundheitsschutz ab. Die neue Norm folgte der \u201ehigh level structure\u201c; sie l\u00e4sst sich damit \u00fcbersichtlicher und einfacher in bestehende Managementsysteme integrieren. Nach fast 3 Jahren liegen nun auch bei&hellip; <a class=\"more-link\" href=\"https:\/\/asszert.de\/?p=1025\">Weiterlesen<\/a><\/p>\n<\/div>\n\t\t\t\t\t<\/div>\n\t\t\t\t\t\t\t\t\t\t\t\t\t\t\t\t\t\t\t\t\t\t\t\t\t\t\t\t\t\t\t\t\t<div class=\"ttfmp-post-list-item last\">\n\t\t\t\t\t\t\n<header class=\"ttfmp-post-list-item-header\">\n\t\t\t<h3 class=\"ttfmp-post-list-item-title\">\n\t\t<a href=\"https:\/\/asszert.de\/?p=877\">\n\t\t\tWeiterentwicklung der Normen: Die aktualisierte Norm DIN EN ISO 50001\t\t<\/a>\n\t<\/h3>\n\t\t\t<span class=\"ttfmp-post-list-item-date\">\n\t\t<a href=\"https:\/\/asszert.de\/?p=877\" rel=\"bookmark\">\n\t\t\t08\/01\/2019\t\t<\/a>\n\t<\/span>\n\t<\/header>\n<div class=\"ttfmp-post-list-item-content\">\n\t<p>Mit Stand Dezember 2018 ist die Organisationsnorm f\u00fcr den Bereich Energiemanagement aktualisiert worden: Energiemanagementsysteme \u2013 Anforderungen mit Anleitung zur Anwendung Ziele der Aktualisierung der DIN EN ISO 50001:2018 Das wesentliche Ziel der Aktualisierung ist die Anpassung der strukturellen und inhaltlichen Aspekte an andere Organisationsnormen, z: B. f\u00fcr Qualit\u00e4t (ISO 9001),&hellip; <a class=\"more-link\" href=\"https:\/\/asszert.de\/?p=877\">Weiterlesen<\/a><\/p>\n<\/div>\n\t\t\t\t\t<\/div>\n\t\t\t\t\t\t\t\t\t\t\t<\/div>\n\t\t\t\t\t\t\t\t\t\t\t\t\t\t\t\t\t\t\t\t\t\t\t\t\t\t\t\t\t\t\t\t\t\t<div class=\"ttfmp-post-list-row\">\n\t\t\t\t\t\t\t\t\t\t<div class=\"ttfmp-post-list-item\">\n\t\t\t\t\t\t\n<header class=\"ttfmp-post-list-item-header\">\n\t\t\t<h3 class=\"ttfmp-post-list-item-title\">\n\t\t<a href=\"https:\/\/asszert.de\/?p=799\">\n\t\t\tAuditierung von Managementsystemen: Die aktualisierte Norm DIN EN ISO 19011\t\t<\/a>\n\t<\/h3>\n\t\t\t<span class=\"ttfmp-post-list-item-date\">\n\t\t<a href=\"https:\/\/asszert.de\/?p=799\" rel=\"bookmark\">\n\t\t\t11\/10\/2018\t\t<\/a>\n\t<\/span>\n\t<\/header>\n<div class=\"ttfmp-post-list-item-content\">\n\t<p>Nach 7 Jahren ist nun auch die Norm DIN EN ISO 19011 in der neuen Ausgabe Oktober 2018 erschienen: Leitfaden zur Auditierung von Managementsystemen Die \u00dcberarbeitung wurde durch die Aktualisierung der Managementnormen f\u00fcr Qualit\u00e4t (ISO 9001:2015), Umweltschutz (ISO 14001:2015) und Sicherheit und Gesundheit bei der Arbeit (ISO 45001:2018) erforderlich. Diese&hellip; <a class=\"more-link\" href=\"https:\/\/asszert.de\/?p=799\">Weiterlesen<\/a><\/p>\n<\/div>\n\t\t\t\t\t<\/div>\n\t\t\t\t\t\t\t\t\t\t\t\t\t\t\t\t\t\t\t\t\t\t\t\t\t\t\t\t\t\t\t\t\t<div class=\"ttfmp-post-list-item last\">\n\t\t\t\t\t\t\n<header class=\"ttfmp-post-list-item-header\">\n\t\t\t<h3 class=\"ttfmp-post-list-item-title\">\n\t\t<a href=\"https:\/\/asszert.de\/?p=757\">\n\t\t\tSeminar zur neuen Norm DIN ISO 45001:2018\t\t<\/a>\n\t<\/h3>\n\t\t\t<span class=\"ttfmp-post-list-item-date\">\n\t\t<a href=\"https:\/\/asszert.de\/?p=757\" rel=\"bookmark\">\n\t\t\t23\/05\/2018\t\t<\/a>\n\t<\/span>\n\t<\/header>\n<div class=\"ttfmp-post-list-item-content\">\n\t<p>Am 12. M\u00e4rz 2018 hat die Internationale Organisation f\u00fcr Normung (ISO) die neue Norm ISO 45001 ver\u00f6ffentlicht. Nun ist die deutsche Fassung der Norm erschienen: DIN ISO 45001:2018-06 \u201eManagementsysteme f\u00fcr Sicherheit und Gesundheit bei der Arbeit\u201c Bei dieser Neuausgabe f\u00fcr SGA-Managementsysteme handelt es sich nicht um geringf\u00fcgige redaktionelle \u00c4nderungen gegen\u00fcber&hellip; <a class=\"more-link\" href=\"https:\/\/asszert.de\/?p=757\">Weiterlesen<\/a><\/p>\n<\/div>\n\t\t\t\t\t<\/div>\n\t\t\t\t\t\t\t\t\t\t\t<\/div>\n\t\t\t\t\t\t\t\t\t\t\t\t\t\t\t\t\t\t\t\t\t\t\t\t\t\t\t\t\t\t\t\t\t\t<div class=\"ttfmp-post-list-row\">\n\t\t\t\t\t\t\t\t\t\t<div class=\"ttfmp-post-list-item\">\n\t\t\t\t\t\t\n<header class=\"ttfmp-post-list-item-header\">\n\t\t\t<h3 class=\"ttfmp-post-list-item-title\">\n\t\t<a href=\"https:\/\/asszert.de\/?p=342\">\n\t\t\tVer\u00e4nderungen im Zertifizierungsverfahren\t\t<\/a>\n\t<\/h3>\n\t\t\t<span class=\"ttfmp-post-list-item-date\">\n\t\t<a href=\"https:\/\/asszert.de\/?p=342\" rel=\"bookmark\">\n\t\t\t25\/10\/2016\t\t<\/a>\n\t<\/span>\n\t<\/header>\n<div class=\"ttfmp-post-list-item-content\">\n\t<p>Von AssZert erfolgreich zertifizierte Organisationen d\u00fcrfen ein entsprechendes Zertifikat und das Zertifikatssymbol im G\u00fcltigkeitszeitraum der Zertifizierung f\u00fcr werbliche Zwecke verwenden (siehe auch Zeichennutzung). Es k\u00f6nnen folgende Ver\u00e4nderungen im Rahmen eines laufenden Zertifizierungsverfahrens relevant werden: &nbsp; Erweiterung oder \u00c4nderung des Geltungsbereiches der Zertifizierung Die Erweiterung oder \u00c4nderung des Geltungsbereiches kann auf&hellip; <a class=\"more-link\" href=\"https:\/\/asszert.de\/?p=342\">Weiterlesen<\/a><\/p>\n<\/div>\n\t\t\t\t\t<\/div>\n\t\t\t\t\t\t\t\t\t\t\t\t\t\t\t\t\t\t\t\t\t\t\t\t\t\t\t\t\t\t\t\t\t<div class=\"ttfmp-post-list-item last\">\n\t\t\t\t\t\t\n<header class=\"ttfmp-post-list-item-header\">\n\t\t\t<h3 class=\"ttfmp-post-list-item-title\">\n\t\t<a href=\"https:\/\/asszert.de\/?p=320\">\n\t\t\tInformationen zur neuen DIN EN ISO 9001:2015 und erste Erfahrungen\t\t<\/a>\n\t<\/h3>\n\t\t\t<span class=\"ttfmp-post-list-item-date\">\n\t\t<a href=\"https:\/\/asszert.de\/?p=320\" rel=\"bookmark\">\n\t\t\t30\/09\/2016\t\t<\/a>\n\t<\/span>\n\t<\/header>\n<div class=\"ttfmp-post-list-item-content\">\n\t<p>&#8222;Meine Erfahrungen als Auditor &#8230; Meine ersten Erfahrungen in der Praxis mit der DIN EN ISO 9001:2015 sind sehr positiv! Ich beobachte, dass die Auseinandersetzung mit den neu aufgenommenen Themenfeldern sehr intensiv gef\u00fchrt wird. So hat die Kommunikation zwischen der obersten Leitung und den Mitarbeitern auf allen Ebenen bez\u00fcglich der&hellip; <a class=\"more-link\" href=\"https:\/\/asszert.de\/?p=320\">Weiterlesen<\/a><\/p>\n<\/div>\n\t\t\t\t\t<\/div>\n\t\t\t\t\t\t\t\t\t\t\t<\/div>\n\t\t\t\t\t\t\t\t\t\t\t\t\t\t\t\t\t\t\t\t\t\t\t\t\t\t\t\t\t\t\t\t\t\t<div class=\"ttfmp-post-list-row\">\n\t\t\t\t\t\t\t\t\t\t<div class=\"ttfmp-post-list-item\">\n\t\t\t\t\t\t\n<header class=\"ttfmp-post-list-item-header\">\n\t\t\t<h3 class=\"ttfmp-post-list-item-title\">\n\t\t<a href=\"https:\/\/asszert.de\/?p=295\">\n\t\t\tLaufzeiteinschr\u00e4nkung der Zertifikate nach ISO 9001:2015\t\t<\/a>\n\t<\/h3>\n\t\t\t<span class=\"ttfmp-post-list-item-date\">\n\t\t<a href=\"https:\/\/asszert.de\/?p=295\" rel=\"bookmark\">\n\t\t\t23\/02\/2016\t\t<\/a>\n\t<\/span>\n\t<\/header>\n<div class=\"ttfmp-post-list-item-content\">\n\t<p>Am 23. September 2015 wurde die ISO 9001:2015 mit einem Ver\u00f6ffentlichungsdatum vom 15. September 2015 zur Verf\u00fcgung gestellt. Die \u00dcbergangsfrist wurde auf 3 Jahren festgelegt. Die AssZert begrenzt somit die G\u00fcltigkeit ausgestellter Zertifikate nach der ISO 9001:2008 auf den 14.09.2018. Erfolgt die Umstellung von der ISO 9001:2008 auf die ISO&hellip; <a class=\"more-link\" href=\"https:\/\/asszert.de\/?p=295\">Weiterlesen<\/a><\/p>\n<\/div>\n\t\t\t\t\t<\/div>\n\t\t\t\t\t\t\t\t\t\t\t\t\t\t\t\t\t\t\t\t\t\t\t\t\t\t\t\t\t\t\t\t\t<div class=\"ttfmp-post-list-item last\">\n\t\t\t\t\t\t\n<header class=\"ttfmp-post-list-item-header\">\n\t\t\t<h3 class=\"ttfmp-post-list-item-title\">\n\t\t<a href=\"https:\/\/asszert.de\/?p=288\">\n\t\t\tRevision der ISO 14001 und DIN EN ISO 14001\t\t<\/a>\n\t<\/h3>\n\t\t\t<span class=\"ttfmp-post-list-item-date\">\n\t\t<a href=\"https:\/\/asszert.de\/?p=288\" rel=\"bookmark\">\n\t\t\t22\/02\/2016\t\t<\/a>\n\t<\/span>\n\t<\/header>\n<div class=\"ttfmp-post-list-item-content\">\n\t<p>Am 15. September 2015 wurde die ISO 14001:2015 ver\u00f6ffentlicht. Die DIN EN ISO 14001:2015 folgte am 30. Oktober 2015. F\u00fcr die Zertifizierung von Umweltmanagementsystemen gelten folgende \u00dcbergangsregelungen: 3 Jahre nach der Ver\u00f6ffentlichung der jeweiligen Norm verlieren die Zertifikate, die noch auf der Basis der alten Normen ausgestellt wurden ihre G\u00fcltigkeit.&hellip; <a class=\"more-link\" href=\"https:\/\/asszert.de\/?p=288\">Weiterlesen<\/a><\/p>\n<\/div>\n\t\t\t\t\t<\/div>\n\t\t\t\t\t\t\t\t\t\t\t<\/div>\n\t\t\t\t\t\t\t\t\t\t\t\t\t\t\t\t\t\t\t\t\t\t\t\t\t\t\t\t\t\t\t\t\t\t<div class=\"ttfmp-post-list-row\">\n\t\t\t\t\t\t\t\t\t\t<div class=\"ttfmp-post-list-item\">\n\t\t\t\t\t\t\n<header class=\"ttfmp-post-list-item-header\">\n\t\t\t<h3 class=\"ttfmp-post-list-item-title\">\n\t\t<a href=\"https:\/\/asszert.de\/?p=266\">\n\t\t\tRevision der DIN EN ISO 9001\t\t<\/a>\n\t<\/h3>\n\t\t\t<span class=\"ttfmp-post-list-item-date\">\n\t\t<a href=\"https:\/\/asszert.de\/?p=266\" rel=\"bookmark\">\n\t\t\t08\/11\/2015\t\t<\/a>\n\t<\/span>\n\t<\/header>\n<div class=\"ttfmp-post-list-item-content\">\n\t<p>Am 23. September 2015 wurde die aktualisierte ISO 9001 ver\u00f6ffentlicht und am 30. Oktober\u00a02015 ist nun auch die daraus resultierende DIN EN ISO 9001:2015 ver\u00f6ffentlicht worden! F\u00fcr die Zertifizierung von Qualit\u00e4tsmanagementsystemen gelten folgende \u00dcbergangsregelungen: 3 Jahre nach der Ver\u00f6ffentlichung der jeweiligen Norm verlieren die Zertifikate, die noch auf der Basis&hellip; <a class=\"more-link\" href=\"https:\/\/asszert.de\/?p=266\">Weiterlesen<\/a><\/p>\n<\/div>\n\t\t\t\t\t<\/div>\n\t\t\t\t\t\t\t\t\t\t\t<\/div>\n\t\t\t\t\t\t\t\t\t\t\t\t\t\t\t\t\t\t\t\n\t\t\t\n\n\t\t\t\n\t\t\t\t\t<\/div>\n\t\t\n\t<\/div>\n<\/section>\n","protected":false},"excerpt":{"rendered":"<p>Neuigkeiten &amp; Service\u00a0&gt; Neuigkeiten &#8222;Erst die gute Nachricht: Es gibt keine schlechte. &#8211; Jetzt die schlechte: Die gute stimmt nicht.&#8220;\u00a0&#8211;\u00a0Karl-Heinz Karius<\/p>\n","protected":false},"author":1,"featured_media":0,"parent":71,"menu_order":0,"comment_status":"closed","ping_status":"closed","template":"template-builder.php","meta":{"footnotes":""},"class_list":["post-208","page","type-page","status-publish","hentry"],"_links":{"self":[{"href":"https:\/\/asszert.de\/index.php?rest_route=\/wp\/v2\/pages\/208"}],"collection":[{"href":"https:\/\/asszert.de\/index.php?rest_route=\/wp\/v2\/pages"}],"about":[{"href":"https:\/\/asszert.de\/index.php?rest_route=\/wp\/v2\/types\/page"}],"author":[{"embeddable":true,"href":"https:\/\/asszert.de\/index.php?rest_route=\/wp\/v2\/users\/1"}],"replies":[{"embeddable":true,"href":"https:\/\/asszert.de\/index.php?rest_route=%2Fwp%2Fv2%2Fcomments&post=208"}],"version-history":[{"count":11,"href":"https:\/\/asszert.de\/index.php?rest_route=\/wp\/v2\/pages\/208\/revisions"}],"predecessor-version":[{"id":830,"href":"https:\/\/asszert.de\/index.php?rest_route=\/wp\/v2\/pages\/208\/revisions\/830"}],"up":[{"embeddable":true,"href":"https:\/\/asszert.de\/index.php?rest_route=\/wp\/v2\/pages\/71"}],"wp:attachment":[{"href":"https:\/\/asszert.de\/index.php?rest_route=%2Fwp%2Fv2%2Fmedia&parent=208"}],"curies":[{"name":"wp","href":"https:\/\/api.w.org\/{rel}","templated":true}]}}